{"id":1864,"date":"2024-03-06T10:34:12","date_gmt":"2024-03-06T09:34:12","guid":{"rendered":"https:\/\/amberstories.com\/?page_id=1864"},"modified":"2024-03-06T11:42:43","modified_gmt":"2024-03-06T10:42:43","slug":"serie-varro","status":"publish","type":"page","link":"https:\/\/amberstories.com\/en\/series-unicas\/serie-varro\/","title":{"rendered":"SERIE VARRO"},"content":{"rendered":"<div data-elementor-type=\"wp-page\" data-elementor-id=\"1864\" class=\"elementor elementor-1864\" data-elementor-post-type=\"page\">\n\t\t\t\t\t\t<section class=\"elementor-section elementor-top-section elementor-element elementor-element-1b4f9711 elementor-section-boxed elementor-section-height-default elementor-section-height-default\" data-id=\"1b4f9711\" data-element_type=\"section\" data-e-type=\"section\">\n\t\t\t\t\t\t<div class=\"elementor-container elementor-column-gap-default\">\n\t\t\t\t\t<div class=\"elementor-column elementor-col-100 elementor-top-column elementor-element elementor-element-3b0aae5a\" data-id=\"3b0aae5a\" data-element_type=\"column\" data-e-type=\"column\">\n\t\t\t<div class=\"elementor-widget-wrap elementor-element-populated\">\n\t\t\t\t\t\t<div class=\"elementor-element elementor-element-3f120477 elementor-widget elementor-widget-spacer\" data-id=\"3f120477\" data-element_type=\"widget\" data-e-type=\"widget\" data-widget_type=\"spacer.default\">\n\t\t\t\t<div class=\"elementor-widget-container\">\n\t\t\t\t\t\t\t<div class=\"elementor-spacer\">\n\t\t\t<div class=\"elementor-spacer-inner\"><\/div>\n\t\t<\/div>\n\t\t\t\t\t\t<\/div>\n\t\t\t\t<\/div>\n\t\t\t\t<div class=\"elementor-element elementor-element-70b67dad elementor-widget elementor-widget-text-editor\" data-id=\"70b67dad\" data-element_type=\"widget\" data-e-type=\"widget\" data-widget_type=\"text-editor.default\">\n\t\t\t\t<div class=\"elementor-widget-container\">\n\t\t\t\t\t\t\t\t\t<p>On this the origin of the Series is related to a small aesthetic-constructive challenge.<\/p><p>When you design a piece thinking that you are going to build it with certain woods, you unconsciously limit many geometry and shape options. To add freshness to the creative process we decided to sketch several organic shapes in a technique completely different from ours, such as clay modeling.<\/p><p>Once we had achieved these less predictable and more beautiful shapes, we began to look for the best way to build them in wood with rigor and durability in the corresponding dimension.<\/p><p class=\" translation-block\">The initial brutal oval dining table made in old Tea timber was recently joined by a high table and an endearing side table to create this Series.  We can finish them with a natural raw effect or charred to a pitch black colour.<\/p>\t\t\t\t\t\t\t\t<\/div>\n\t\t\t\t<\/div>\n\t\t\t\t<div class=\"elementor-element elementor-element-635797 elementor-widget elementor-widget-spacer\" data-id=\"635797\" data-element_type=\"widget\" data-e-type=\"widget\" data-widget_type=\"spacer.default\">\n\t\t\t\t<div class=\"elementor-widget-container\">\n\t\t\t\t\t\t\t<div class=\"elementor-spacer\">\n\t\t\t<div class=\"elementor-spacer-inner\"><\/div>\n\t\t<\/div>\n\t\t\t\t\t\t<\/div>\n\t\t\t\t<\/div>\n\t\t\t\t\t<\/div>\n\t\t<\/div>\n\t\t\t\t\t<\/div>\n\t\t<\/section>\n\t\t\t\t<section class=\"elementor-section elementor-top-section elementor-element elementor-element-78e836be elementor-section-boxed elementor-section-height-default elementor-section-height-default\" data-id=\"78e836be\" data-element_type=\"section\" data-e-type=\"section\">\n\t\t\t\t\t\t<div class=\"elementor-container elementor-column-gap-default\">\n\t\t\t\t\t<div class=\"elementor-column elementor-col-100 elementor-top-column elementor-element elementor-element-7912d64b\" data-id=\"7912d64b\" data-element_type=\"column\" data-e-type=\"column\">\n\t\t\t<div class=\"elementor-widget-wrap elementor-element-populated\">\n\t\t\t\t\t\t<div class=\"elementor-element elementor-element-4254ca1e elementor-widget elementor-widget-heading\" data-id=\"4254ca1e\" data-element_type=\"widget\" data-e-type=\"widget\" data-widget_type=\"heading.default\">\n\t\t\t\t<div class=\"elementor-widget-container\">\n\t\t\t\t\t<h2 class=\"elementor-heading-title elementor-size-default\">SERIE VARRO<\/h2>\t\t\t\t<\/div>\n\t\t\t\t<\/div>\n\t\t\t\t<div class=\"elementor-element elementor-element-1cecd99d elementor-widget elementor-widget-spacer\" data-id=\"1cecd99d\" data-element_type=\"widget\" data-e-type=\"widget\" data-widget_type=\"spacer.default\">\n\t\t\t\t<div class=\"elementor-widget-container\">\n\t\t\t\t\t\t\t<div class=\"elementor-spacer\">\n\t\t\t<div class=\"elementor-spacer-inner\"><\/div>\n\t\t<\/div>\n\t\t\t\t\t\t<\/div>\n\t\t\t\t<\/div>\n\t\t\t\t\t<\/div>\n\t\t<\/div>\n\t\t\t\t\t<\/div>\n\t\t<\/section>\n\t\t\t\t<section class=\"elementor-section elementor-top-section elementor-element elementor-element-3a9070d elementor-section-boxed elementor-section-height-default elementor-section-height-default\" data-id=\"3a9070d\" data-element_type=\"section\" data-e-type=\"section\">\n\t\t\t\t\t\t<div class=\"elementor-container elementor-column-gap-default\">\n\t\t\t\t\t<div class=\"elementor-column elementor-col-33 elementor-top-column elementor-element elementor-element-2e1f8d51\" data-id=\"2e1f8d51\" data-element_type=\"column\" data-e-type=\"column\">\n\t\t\t<div class=\"elementor-widget-wrap elementor-element-populated\">\n\t\t\t\t\t\t<div class=\"elementor-element elementor-element-59053c77 elementor-position-top elementor-widget elementor-widget-image-box\" data-id=\"59053c77\" data-element_type=\"widget\" data-e-type=\"widget\" data-widget_type=\"image-box.default\">\n\t\t\t\t<div class=\"elementor-widget-container\">\n\t\t\t\t\t<div class=\"elementor-image-box-wrapper\"><figure class=\"elementor-image-box-img\"><img decoding=\"async\" src=\"https:\/\/amberstories.com\/wp-content\/uploads\/elementor\/thumbs\/menu-Varro1-24-qkt1tv3jewj6mr1zy4go9giwjswytcrcurtsl6nk74.jpg\" title=\"menu Varro1 #24\" alt=\"menu Varro1 #24\" loading=\"lazy\" \/><\/figure><div class=\"elementor-image-box-content\"><h3 class=\"elementor-image-box-title\">Dining Table<\/h3><\/div><\/div>\t\t\t\t<\/div>\n\t\t\t\t<\/div>\n\t\t\t\t\t<\/div>\n\t\t<\/div>\n\t\t\t\t<div class=\"elementor-column elementor-col-33 elementor-top-column elementor-element elementor-element-cce9d13\" data-id=\"cce9d13\" data-element_type=\"column\" data-e-type=\"column\">\n\t\t\t<div class=\"elementor-widget-wrap elementor-element-populated\">\n\t\t\t\t\t\t<div class=\"elementor-element elementor-element-4f10b866 elementor-position-top elementor-widget elementor-widget-image-box\" data-id=\"4f10b866\" data-element_type=\"widget\" data-e-type=\"widget\" data-widget_type=\"image-box.default\">\n\t\t\t\t<div class=\"elementor-widget-container\">\n\t\t\t\t\t<div class=\"elementor-image-box-wrapper\"><figure class=\"elementor-image-box-img\"><img decoding=\"async\" src=\"https:\/\/amberstories.com\/wp-content\/uploads\/elementor\/thumbs\/menu-Varro2-67-qkt1txx1zen1lkxwhnojyxtabyj2gg2jv5s910jdog.jpg\" title=\"menu Varro2 #67\" alt=\"menu Varro2 #67\" loading=\"lazy\" \/><\/figure><div class=\"elementor-image-box-content\"><h3 class=\"elementor-image-box-title\">MESA <br>ALTA<\/h3><\/div><\/div>\t\t\t\t<\/div>\n\t\t\t\t<\/div>\n\t\t\t\t\t<\/div>\n\t\t<\/div>\n\t\t\t\t<div class=\"elementor-column elementor-col-33 elementor-top-column elementor-element elementor-element-17948a2f\" data-id=\"17948a2f\" data-element_type=\"column\" data-e-type=\"column\">\n\t\t\t<div class=\"elementor-widget-wrap elementor-element-populated\">\n\t\t\t\t\t\t<div class=\"elementor-element elementor-element-698249fa elementor-position-top elementor-widget elementor-widget-image-box\" data-id=\"698249fa\" data-element_type=\"widget\" data-e-type=\"widget\" data-widget_type=\"image-box.default\">\n\t\t\t\t<div class=\"elementor-widget-container\">\n\t\t\t\t\t<div class=\"elementor-image-box-wrapper\"><figure class=\"elementor-image-box-img\"><img decoding=\"async\" src=\"https:\/\/amberstories.com\/wp-content\/uploads\/elementor\/thumbs\/menu-Varro3-66-qkt1u0qkjwqwkett16wfof3o44563jdqvjqpguf75s.jpg\" title=\"menu Varro3 #66\" alt=\"menu Varro3 #66\" loading=\"lazy\" \/><\/figure><div class=\"elementor-image-box-content\"><h3 class=\"elementor-image-box-title\">MESA AUXILIAR<\/h3><\/div><\/div>\t\t\t\t<\/div>\n\t\t\t\t<\/div>\n\t\t\t\t\t<\/div>\n\t\t<\/div>\n\t\t\t\t\t<\/div>\n\t\t<\/section>\n\t\t\t\t<section class=\"elementor-section elementor-top-section elementor-element elementor-element-7679be34 elementor-section-boxed elementor-section-height-default elementor-section-height-default\" data-id=\"7679be34\" data-element_type=\"section\" data-e-type=\"section\">\n\t\t\t\t\t\t<div class=\"elementor-container elementor-column-gap-default\">\n\t\t\t\t\t<div class=\"elementor-column elementor-col-100 elementor-top-column elementor-element elementor-element-588b1e7f\" data-id=\"588b1e7f\" data-element_type=\"column\" data-e-type=\"column\">\n\t\t\t<div class=\"elementor-widget-wrap elementor-element-populated\">\n\t\t\t\t\t\t<div class=\"elementor-element elementor-element-2857e542 elementor-widget elementor-widget-spacer\" data-id=\"2857e542\" data-element_type=\"widget\" data-e-type=\"widget\" data-widget_type=\"spacer.default\">\n\t\t\t\t<div class=\"elementor-widget-container\">\n\t\t\t\t\t\t\t<div class=\"elementor-spacer\">\n\t\t\t<div class=\"elementor-spacer-inner\"><\/div>\n\t\t<\/div>\n\t\t\t\t\t\t<\/div>\n\t\t\t\t<\/div>\n\t\t\t\t<div class=\"elementor-element elementor-element-259dbea1 elementor-widget elementor-widget-text-editor\" data-id=\"259dbea1\" data-element_type=\"widget\" data-e-type=\"widget\" data-widget_type=\"text-editor.default\">\n\t\t\t\t<div class=\"elementor-widget-container\">\n\t\t\t\t\t\t\t\t\t<p>For each of the 3 models you will find plenty of pictures, together with dimensional and material options. if you have any special requirements just let us know.<\/p>\n<p>We manufacture it ourselves so we can probably make it happen.<\/p>\t\t\t\t\t\t\t\t<\/div>\n\t\t\t\t<\/div>\n\t\t\t\t<div class=\"elementor-element elementor-element-3d88e953 elementor-widget elementor-widget-spacer\" data-id=\"3d88e953\" data-element_type=\"widget\" data-e-type=\"widget\" data-widget_type=\"spacer.default\">\n\t\t\t\t<div class=\"elementor-widget-container\">\n\t\t\t\t\t\t\t<div class=\"elementor-spacer\">\n\t\t\t<div class=\"elementor-spacer-inner\"><\/div>\n\t\t<\/div>\n\t\t\t\t\t\t<\/div>\n\t\t\t\t<\/div>\n\t\t\t\t\t<\/div>\n\t\t<\/div>\n\t\t\t\t\t<\/div>\n\t\t<\/section>\n\t\t\t\t<\/div>","protected":false},"excerpt":{"rendered":"<p>En esta ocasi\u00f3n el origen de la Serie est\u00e1 relacionado con un peque\u00f1o reto est\u00e9tico-constructivo. Cuando dise\u00f1as una pieza pensando en que lo vas a construir con determinadas maderas, inconscientemente limitas muchas opciones de geometr\u00eda y forma. Para a\u00f1adir frescura al proceso creativo decidimos bocetar varias formas org\u00e1nicas en una t\u00e9cnica completamente diferente a la [&hellip;]<\/p>","protected":false},"author":8183,"featured_media":0,"parent":21,"menu_order":0,"comment_status":"closed","ping_status":"closed","template":"elementor_header_footer","meta":{"_joinchat":[],"footnotes":""},"class_list":["post-1864","page","type-page","status-publish","hentry"],"_links":{"self":[{"href":"https:\/\/amberstories.com\/en\/wp-json\/wp\/v2\/pages\/1864","targetHints":{"allow":["GET"]}}],"collection":[{"href":"https:\/\/amberstories.com\/en\/wp-json\/wp\/v2\/pages"}],"about":[{"href":"https:\/\/amberstories.com\/en\/wp-json\/wp\/v2\/types\/page"}],"author":[{"embeddable":true,"href":"https:\/\/amberstories.com\/en\/wp-json\/wp\/v2\/users\/8183"}],"replies":[{"embeddable":true,"href":"https:\/\/amberstories.com\/en\/wp-json\/wp\/v2\/comments?post=1864"}],"version-history":[{"count":14,"href":"https:\/\/amberstories.com\/en\/wp-json\/wp\/v2\/pages\/1864\/revisions"}],"predecessor-version":[{"id":1904,"href":"https:\/\/amberstories.com\/en\/wp-json\/wp\/v2\/pages\/1864\/revisions\/1904"}],"up":[{"embeddable":true,"href":"https:\/\/amberstories.com\/en\/wp-json\/wp\/v2\/pages\/21"}],"wp:attachment":[{"href":"https:\/\/amberstories.com\/en\/wp-json\/wp\/v2\/media?parent=1864"}],"curies":[{"name":"wp","href":"https:\/\/api.w.org\/{rel}","templated":true}]}}