{"id":21,"date":"2022-11-26T08:05:37","date_gmt":"2022-11-26T08:05:37","guid":{"rendered":"https:\/\/amberstories.com\/portfolio\/"},"modified":"2025-06-23T10:57:09","modified_gmt":"2025-06-23T09:57:09","slug":"series-unicas","status":"publish","type":"page","link":"https:\/\/amberstories.com\/en\/series-unicas\/","title":{"rendered":"SERIES UNICAS HOME"},"content":{"rendered":"<div data-elementor-type=\"wp-page\" data-elementor-id=\"21\" class=\"elementor elementor-21\" data-elementor-post-type=\"page\">\n\t\t\t\t\t\t<section class=\"elementor-section elementor-top-section elementor-element elementor-element-db8e95d elementor-section-boxed elementor-section-height-default elementor-section-height-default\" data-id=\"db8e95d\" data-element_type=\"section\" data-e-type=\"section\">\n\t\t\t\t\t\t<div class=\"elementor-container elementor-column-gap-default\">\n\t\t\t\t\t<div class=\"elementor-column elementor-col-100 elementor-top-column elementor-element elementor-element-1fb6044\" data-id=\"1fb6044\" data-element_type=\"column\" data-e-type=\"column\">\n\t\t\t<div class=\"elementor-widget-wrap elementor-element-populated\">\n\t\t\t\t\t\t<div class=\"elementor-element elementor-element-bfd4dc6 elementor-widget elementor-widget-spacer\" data-id=\"bfd4dc6\" data-element_type=\"widget\" data-e-type=\"widget\" data-widget_type=\"spacer.default\">\n\t\t\t\t<div class=\"elementor-widget-container\">\n\t\t\t\t\t\t\t<div class=\"elementor-spacer\">\n\t\t\t<div class=\"elementor-spacer-inner\"><\/div>\n\t\t<\/div>\n\t\t\t\t\t\t<\/div>\n\t\t\t\t<\/div>\n\t\t\t\t<div class=\"elementor-element elementor-element-4acbc84 elementor-widget elementor-widget-text-editor\" data-id=\"4acbc84\" data-element_type=\"widget\" data-e-type=\"widget\" data-widget_type=\"text-editor.default\">\n\t\t\t\t<div class=\"elementor-widget-container\">\n\t\t\t\t\t\t\t\t\t<p>Old Tea, reclaimed Oak, Chestnut, Walnut, Teak, Cuban Mahogany \u2026Timber is our passion and our art.\nIf you visit our Warehouse &amp; Showroom you will find the finest and most charming materials.<\/p><p>When it comes to our Collections, we like to use batches that belong to an unconventional location or person and hold interesting stories within.<\/p><p><span style=\"color: var( --e-global-color-9712b06 ); letter-spacing: 0px; background-color: var( --e-global-color-9fdae95 );\">Each of the 4 table series that we are presenting  (UMBRA, BENUS SKIN and VARRO) has been designed around the individual limitations and features of a particular and finite batch of fine timbers.<\/span><\/p><p><span style=\"color: var( --e-global-color-9712b06 ); letter-spacing: 0px; background-color: var( --e-global-color-9fdae95 );\">We do not timely match them with commercial seasons. They only last as long as the limited raw material batch does instead.<\/span><\/p><p><span style=\"color: var( --e-global-color-9712b06 ); letter-spacing: 0px; background-color: var( --e-global-color-9fdae95 );\">.\u00a0<\/span><\/p>\t\t\t\t\t\t\t\t<\/div>\n\t\t\t\t<\/div>\n\t\t\t\t<div class=\"elementor-element elementor-element-8dbc896 elementor-widget elementor-widget-spacer\" data-id=\"8dbc896\" data-element_type=\"widget\" data-e-type=\"widget\" data-widget_type=\"spacer.default\">\n\t\t\t\t<div class=\"elementor-widget-container\">\n\t\t\t\t\t\t\t<div class=\"elementor-spacer\">\n\t\t\t<div class=\"elementor-spacer-inner\"><\/div>\n\t\t<\/div>\n\t\t\t\t\t\t<\/div>\n\t\t\t\t<\/div>\n\t\t\t\t\t<\/div>\n\t\t<\/div>\n\t\t\t\t\t<\/div>\n\t\t<\/section>\n\t\t\t\t<section class=\"elementor-section elementor-top-section elementor-element elementor-element-30c0ae3 elementor-section-boxed elementor-section-height-default elementor-section-height-default\" data-id=\"30c0ae3\" data-element_type=\"section\" data-e-type=\"section\">\n\t\t\t\t\t\t<div class=\"elementor-container elementor-column-gap-default\">\n\t\t\t\t\t<div class=\"elementor-column elementor-col-100 elementor-top-column elementor-element elementor-element-8cc95c2\" data-id=\"8cc95c2\" data-element_type=\"column\" data-e-type=\"column\">\n\t\t\t<div class=\"elementor-widget-wrap elementor-element-populated\">\n\t\t\t\t\t\t<div class=\"elementor-element elementor-element-9c1a83c elementor-widget elementor-widget-heading\" data-id=\"9c1a83c\" data-element_type=\"widget\" data-e-type=\"widget\" data-widget_type=\"heading.default\">\n\t\t\t\t<div class=\"elementor-widget-container\">\n\t\t\t\t\t<h2 class=\"elementor-heading-title elementor-size-default\">SERIES \u00daNICAS AMBER<\/h2>\t\t\t\t<\/div>\n\t\t\t\t<\/div>\n\t\t\t\t<div class=\"elementor-element elementor-element-145d693 elementor-widget elementor-widget-spacer\" data-id=\"145d693\" data-element_type=\"widget\" data-e-type=\"widget\" data-widget_type=\"spacer.default\">\n\t\t\t\t<div class=\"elementor-widget-container\">\n\t\t\t\t\t\t\t<div class=\"elementor-spacer\">\n\t\t\t<div class=\"elementor-spacer-inner\"><\/div>\n\t\t<\/div>\n\t\t\t\t\t\t<\/div>\n\t\t\t\t<\/div>\n\t\t\t\t\t<\/div>\n\t\t<\/div>\n\t\t\t\t\t<\/div>\n\t\t<\/section>\n\t\t\t\t<section class=\"elementor-section elementor-top-section elementor-element elementor-element-2949587 elementor-section-boxed elementor-section-height-default elementor-section-height-default\" data-id=\"2949587\" data-element_type=\"section\" data-e-type=\"section\">\n\t\t\t\t\t\t<div class=\"elementor-container elementor-column-gap-default\">\n\t\t\t\t\t<div class=\"elementor-column elementor-col-25 elementor-top-column elementor-element elementor-element-7f647f5\" data-id=\"7f647f5\" data-element_type=\"column\" data-e-type=\"column\">\n\t\t\t<div class=\"elementor-widget-wrap elementor-element-populated\">\n\t\t\t\t\t\t<div class=\"elementor-element elementor-element-45aefb3 elementor-position-top elementor-widget elementor-widget-image-box\" data-id=\"45aefb3\" data-element_type=\"widget\" data-e-type=\"widget\" data-widget_type=\"image-box.default\">\n\t\t\t\t<div class=\"elementor-widget-container\">\n\t\t\t\t\t<div class=\"elementor-image-box-wrapper\"><figure class=\"elementor-image-box-img\"><a href=\"https:\/\/amberstories.com\/en\/series-unicas\/umbra-serie\/\" tabindex=\"-1\"><img decoding=\"async\" src=\"https:\/\/amberstories.com\/wp-content\/uploads\/elementor\/thumbs\/ambertables00006-1-pyc7tkslsjnjtm6dp19kx9gjvfaj57q43gzuq2u58g.jpg\" title=\"ambertables00006\" alt=\"ambertables00006\" loading=\"lazy\" \/><\/a><\/figure><div class=\"elementor-image-box-content\"><h3 class=\"elementor-image-box-title\"><a href=\"https:\/\/amberstories.com\/en\/series-unicas\/umbra-serie\/\">UMBRA<\/a><\/h3><p class=\"elementor-image-box-description\">The silky soft charred Teak<\/p><\/div><\/div>\t\t\t\t<\/div>\n\t\t\t\t<\/div>\n\t\t\t\t\t<\/div>\n\t\t<\/div>\n\t\t\t\t<div class=\"elementor-column elementor-col-25 elementor-top-column elementor-element elementor-element-96bd498\" data-id=\"96bd498\" data-element_type=\"column\" data-e-type=\"column\">\n\t\t\t<div class=\"elementor-widget-wrap elementor-element-populated\">\n\t\t\t\t\t\t<div class=\"elementor-element elementor-element-686e237 elementor-position-top elementor-widget elementor-widget-image-box\" data-id=\"686e237\" data-element_type=\"widget\" data-e-type=\"widget\" data-widget_type=\"image-box.default\">\n\t\t\t\t<div class=\"elementor-widget-container\">\n\t\t\t\t\t<div class=\"elementor-image-box-wrapper\"><figure class=\"elementor-image-box-img\"><a href=\"https:\/\/amberstories.com\/en\/series-unicas\/serie-skin\/\" tabindex=\"-1\"><img decoding=\"async\" src=\"https:\/\/amberstories.com\/wp-content\/uploads\/elementor\/thumbs\/ambertables00002-5-pyc7uq5i59860giazj55yz0u0dmojwaax5p7u94tmo.jpg\" title=\"ambertables00002\" alt=\"ambertables00002\" loading=\"lazy\" \/><\/a><\/figure><div class=\"elementor-image-box-content\"><h3 class=\"elementor-image-box-title\"><a href=\"https:\/\/amberstories.com\/en\/series-unicas\/serie-skin\/\">SKIN<\/a><\/h3><p class=\"elementor-image-box-description\">Centennial purity<\/p><\/div><\/div>\t\t\t\t<\/div>\n\t\t\t\t<\/div>\n\t\t\t\t\t<\/div>\n\t\t<\/div>\n\t\t\t\t<div class=\"elementor-column elementor-col-25 elementor-top-column elementor-element elementor-element-9381fa1\" data-id=\"9381fa1\" data-element_type=\"column\" data-e-type=\"column\">\n\t\t\t<div class=\"elementor-widget-wrap elementor-element-populated\">\n\t\t\t\t\t\t<div class=\"elementor-element elementor-element-d7128b3 elementor-position-top elementor-widget elementor-widget-image-box\" data-id=\"d7128b3\" data-element_type=\"widget\" data-e-type=\"widget\" data-widget_type=\"image-box.default\">\n\t\t\t\t<div class=\"elementor-widget-container\">\n\t\t\t\t\t<div class=\"elementor-image-box-wrapper\"><figure class=\"elementor-image-box-img\"><a href=\"https:\/\/amberstories.com\/en\/series-unicas\/serie-benus\/\" tabindex=\"-1\"><img decoding=\"async\" src=\"https:\/\/amberstories.com\/wp-content\/uploads\/elementor\/thumbs\/ambertables00001-8-pyc7w3140n32s6jb249rkmoswexro5ocfvmgsn4cn4.jpg\" title=\"ambertables00001\" alt=\"Benus dining table\" loading=\"lazy\" \/><\/a><\/figure><div class=\"elementor-image-box-content\"><h3 class=\"elementor-image-box-title\"><a href=\"https:\/\/amberstories.com\/en\/series-unicas\/serie-benus\/\">BENUS<\/a><\/h3><p class=\"elementor-image-box-description\">Organic Sensuality<\/p><\/div><\/div>\t\t\t\t<\/div>\n\t\t\t\t<\/div>\n\t\t\t\t\t<\/div>\n\t\t<\/div>\n\t\t\t\t<div class=\"elementor-column elementor-col-25 elementor-top-column elementor-element elementor-element-44220d7\" data-id=\"44220d7\" data-element_type=\"column\" data-e-type=\"column\">\n\t\t\t<div class=\"elementor-widget-wrap elementor-element-populated\">\n\t\t\t\t\t\t<div class=\"elementor-element elementor-element-2fb2689 elementor-position-top elementor-widget elementor-widget-image-box\" data-id=\"2fb2689\" data-element_type=\"widget\" data-e-type=\"widget\" data-widget_type=\"image-box.default\">\n\t\t\t\t<div class=\"elementor-widget-container\">\n\t\t\t\t\t<div class=\"elementor-image-box-wrapper\"><figure class=\"elementor-image-box-img\"><a href=\"https:\/\/amberstories.com\/en\/series-unicas\/serie-varro\/\" tabindex=\"-1\"><img decoding=\"async\" src=\"https:\/\/amberstories.com\/wp-content\/uploads\/elementor\/thumbs\/G-Coleccion-Varro-3-qkrrlj58ag6reul9h7gnty3uvq72muh6d3e6scdji8.jpg\" title=\"G Coleccion Varro 3\" alt=\"G Coleccion Varro 3\" loading=\"lazy\" \/><\/a><\/figure><div class=\"elementor-image-box-content\"><h3 class=\"elementor-image-box-title\"><a href=\"https:\/\/amberstories.com\/en\/series-unicas\/serie-varro\/\">VARRO<\/a><\/h3><p class=\"elementor-image-box-description\">Moldable Robustness<\/p><\/div><\/div>\t\t\t\t<\/div>\n\t\t\t\t<\/div>\n\t\t\t\t\t<\/div>\n\t\t<\/div>\n\t\t\t\t\t<\/div>\n\t\t<\/section>\n\t\t\t\t<section class=\"elementor-section elementor-top-section elementor-element elementor-element-2c7eab2 elementor-section-boxed elementor-section-height-default elementor-section-height-default\" data-id=\"2c7eab2\" data-element_type=\"section\" data-e-type=\"section\">\n\t\t\t\t\t\t<div class=\"elementor-container elementor-column-gap-default\">\n\t\t\t\t\t<div class=\"elementor-column elementor-col-100 elementor-top-column elementor-element elementor-element-a266c96\" data-id=\"a266c96\" data-element_type=\"column\" data-e-type=\"column\">\n\t\t\t<div class=\"elementor-widget-wrap elementor-element-populated\">\n\t\t\t\t\t\t<div class=\"elementor-element elementor-element-c3d07e9 elementor-widget elementor-widget-spacer\" data-id=\"c3d07e9\" data-element_type=\"widget\" data-e-type=\"widget\" data-widget_type=\"spacer.default\">\n\t\t\t\t<div class=\"elementor-widget-container\">\n\t\t\t\t\t\t\t<div class=\"elementor-spacer\">\n\t\t\t<div class=\"elementor-spacer-inner\"><\/div>\n\t\t<\/div>\n\t\t\t\t\t\t<\/div>\n\t\t\t\t<\/div>\n\t\t\t\t<div class=\"elementor-element elementor-element-eda0ff1 elementor-widget elementor-widget-text-editor\" data-id=\"eda0ff1\" data-element_type=\"widget\" data-e-type=\"widget\" data-widget_type=\"text-editor.default\">\n\t\t\t\t<div class=\"elementor-widget-container\">\n\t\t\t\t\t\t\t\t\t<p>We invite you to navigate the 4 galleries and discover the different creations (tables, lamps, mirrors) that we have developed for each series. Bewarel, they are highly collectible!\u00a0<\/p><p>Bear in mind that further to these models we can design a manufacture a bespoke fine table that matches your needs. Feel free to roam the other table galleries (other models \/unique creations) and get in touch with us.<\/p>\t\t\t\t\t\t\t\t<\/div>\n\t\t\t\t<\/div>\n\t\t\t\t<div class=\"elementor-element elementor-element-76d08ab elementor-widget elementor-widget-spacer\" data-id=\"76d08ab\" data-element_type=\"widget\" data-e-type=\"widget\" data-widget_type=\"spacer.default\">\n\t\t\t\t<div class=\"elementor-widget-container\">\n\t\t\t\t\t\t\t<div class=\"elementor-spacer\">\n\t\t\t<div class=\"elementor-spacer-inner\"><\/div>\n\t\t<\/div>\n\t\t\t\t\t\t<\/div>\n\t\t\t\t<\/div>\n\t\t\t\t\t<\/div>\n\t\t<\/div>\n\t\t\t\t\t<\/div>\n\t\t<\/section>\n\t\t\t\t<\/div>","protected":false},"excerpt":{"rendered":"<p>La madera es nuestra pasi\u00f3n y nuestro arte. Tea antigua, Roble recuperado, Casta\u00f1o y Nogal espa\u00f1oles, Teca, Caoba cubana&#8230; en nuestro Almac\u00e9n &amp; Showroom de la Costa de la Luz encontrar\u00e1s vigas, tablones y troncos de una nobleza inigualable. De cara a nuestras colecciones propias sentimos una poderosa atracci\u00f3n por aquellos lotes que encontramos en [&hellip;]<\/p>","protected":false},"author":8183,"featured_media":0,"parent":0,"menu_order":0,"comment_status":"closed","ping_status":"closed","template":"elementor_header_footer","meta":{"_joinchat":[],"footnotes":""},"class_list":["post-21","page","type-page","status-publish","hentry"],"_links":{"self":[{"href":"https:\/\/amberstories.com\/en\/wp-json\/wp\/v2\/pages\/21","targetHints":{"allow":["GET"]}}],"collection":[{"href":"https:\/\/amberstories.com\/en\/wp-json\/wp\/v2\/pages"}],"about":[{"href":"https:\/\/amberstories.com\/en\/wp-json\/wp\/v2\/types\/page"}],"author":[{"embeddable":true,"href":"https:\/\/amberstories.com\/en\/wp-json\/wp\/v2\/users\/8183"}],"replies":[{"embeddable":true,"href":"https:\/\/amberstories.com\/en\/wp-json\/wp\/v2\/comments?post=21"}],"version-history":[{"count":25,"href":"https:\/\/amberstories.com\/en\/wp-json\/wp\/v2\/pages\/21\/revisions"}],"predecessor-version":[{"id":2696,"href":"https:\/\/amberstories.com\/en\/wp-json\/wp\/v2\/pages\/21\/revisions\/2696"}],"wp:attachment":[{"href":"https:\/\/amberstories.com\/en\/wp-json\/wp\/v2\/media?parent=21"}],"curies":[{"name":"wp","href":"https:\/\/api.w.org\/{rel}","templated":true}]}}