{"id":30,"date":"2022-11-26T08:05:37","date_gmt":"2022-11-26T08:05:37","guid":{"rendered":"https:\/\/amberstories.com\/home\/"},"modified":"2026-03-09T18:13:09","modified_gmt":"2026-03-09T17:13:09","slug":"home2023","status":"publish","type":"page","link":"https:\/\/amberstories.com\/en\/home2023\/","title":{"rendered":"HOME AMBER 2023"},"content":{"rendered":"<div data-elementor-type=\"wp-page\" data-elementor-id=\"30\" class=\"elementor elementor-30\" data-elementor-post-type=\"page\">\n\t\t\t\t\t\t<section class=\"elementor-section elementor-top-section elementor-element elementor-element-344e619 elementor-section-boxed elementor-section-height-default elementor-section-height-default\" data-id=\"344e619\" data-element_type=\"section\" data-e-type=\"section\">\n\t\t\t\t\t\t<div class=\"elementor-container elementor-column-gap-default\">\n\t\t\t\t\t<div class=\"elementor-column elementor-col-100 elementor-top-column elementor-element elementor-element-c0c46ee\" data-id=\"c0c46ee\" data-element_type=\"column\" data-e-type=\"column\">\n\t\t\t<div class=\"elementor-widget-wrap elementor-element-populated\">\n\t\t\t\t\t\t<div class=\"elementor-element elementor-element-5d1d7a5 elementor-widget elementor-widget-text-editor\" data-id=\"5d1d7a5\" data-element_type=\"widget\" data-e-type=\"widget\" data-widget_type=\"text-editor.default\">\n\t\t\t\t<div class=\"elementor-widget-container\">\n\t\t\t\t\t\t\t\t\t<p style=\"text-align: center;\">DESC\u00c1RGATE NUESTRO PORTFOLIO&nbsp;<a href=\"https:\/\/amberstories.com\/en\/bio\/\">HERE<\/a><\/p>\t\t\t\t\t\t\t\t<\/div>\n\t\t\t\t<\/div>\n\t\t\t\t\t<\/div>\n\t\t<\/div>\n\t\t\t\t\t<\/div>\n\t\t<\/section>\n\t\t\t\t<section class=\"elementor-section elementor-top-section elementor-element elementor-element-7c9542d elementor-section-boxed elementor-section-height-default elementor-section-height-default\" data-id=\"7c9542d\" data-element_type=\"section\" data-e-type=\"section\">\n\t\t\t\t\t\t<div class=\"elementor-container elementor-column-gap-default\">\n\t\t\t\t\t<div class=\"elementor-column elementor-col-100 elementor-top-column elementor-element elementor-element-80a6671\" data-id=\"80a6671\" data-element_type=\"column\" data-e-type=\"column\">\n\t\t\t<div class=\"elementor-widget-wrap elementor-element-populated\">\n\t\t\t\t\t\t<div class=\"elementor-element elementor-element-5488974 elementor-widget elementor-widget-htmega-newtsicker-addons\" data-id=\"5488974\" data-element_type=\"widget\" data-e-type=\"widget\" data-settings=\"{&quot;news_post_type&quot;:&quot;post&quot;}\" data-widget_type=\"htmega-newtsicker-addons.default\">\n\t\t\t\t<div class=\"elementor-widget-container\">\n\t\t\t\t\t            <div class=\"htmega-newsticker breaking-news-default htmega-newsticker-style-6 sid5488974\" style=\"display:none;\">\n                                <div class=\"breaking-news-title float-left\">\n                    <h5>NEWS<\/h5>                <\/div>\n                                <ul data-newstrickeropt=\"{&quot;rowheight&quot;:30,&quot;maxrows&quot;:1,&quot;speed&quot;:600,&quot;duration&quot;:5000,&quot;autostart&quot;:1,&quot;pauseonhover&quot;:1,&quot;direction&quot;:&quot;up&quot;,&quot;navbutton&quot;:&quot;&quot;}\" class=\"breaking-news-ticker float-left htmega-newstricker\"  >\n                                                        <li>\n                                        <a href=\"https:\/\/amberstories.com\/en\/otros-modelos-bret\/\">\n                                            MODEL BRET                                        <\/a>\n                                    <\/li>\n                                                                    <li>\n                                        <a href=\"https:\/\/amberstories.com\/en\/pieza-unica-nr-85\/\">\n                                            PIEZA \u00daNICA NR.85                                        <\/a>\n                                    <\/li>\n                                                                    <li>\n                                        <a href=\"https:\/\/amberstories.com\/en\/pieza-unica-nr-94\/\">\n                                            PIEZA \u00daNICA NR.94                                        <\/a>\n                                    <\/li>\n                                                                    <li>\n                                        <a href=\"https:\/\/amberstories.com\/en\/otros-modelos-buk-black\/\">\n                                            MODELO BUK BLACK                                        <\/a>\n                                    <\/li>\n                                                                    <li>\n                                        <a href=\"https:\/\/amberstories.com\/en\/pieza-unica-nr-92\/\">\n                                            PIEZA \u00daNICA NR.92                                        <\/a>\n                                    <\/li>\n                                                <\/ul>\n                \n            <\/div>\n        \t\t\t\t<\/div>\n\t\t\t\t<\/div>\n\t\t\t\t\t<\/div>\n\t\t<\/div>\n\t\t\t\t\t<\/div>\n\t\t<\/section>\n\t\t\t\t<section class=\"elementor-section elementor-top-section elementor-element elementor-element-5ace4fb elementor-section-boxed elementor-section-height-default elementor-section-height-default\" data-id=\"5ace4fb\" data-element_type=\"section\" data-e-type=\"section\">\n\t\t\t\t\t\t<div class=\"elementor-container elementor-column-gap-default\">\n\t\t\t\t\t<div class=\"elementor-column elementor-col-100 elementor-top-column elementor-element elementor-element-7a2c3c1\" data-id=\"7a2c3c1\" data-element_type=\"column\" data-e-type=\"column\">\n\t\t\t<div class=\"elementor-widget-wrap elementor-element-populated\">\n\t\t\t\t\t\t<div class=\"elementor-element elementor-element-54a37fb elementor--v-position-bottom elementor--h-position-center elementor-arrows-position-inside elementor-pagination-position-inside elementor-widget elementor-widget-slides\" data-id=\"54a37fb\" data-element_type=\"widget\" data-e-type=\"widget\" data-settings=\"{&quot;transition&quot;:&quot;fade&quot;,&quot;navigation&quot;:&quot;both&quot;,&quot;autoplay&quot;:&quot;yes&quot;,&quot;pause_on_hover&quot;:&quot;yes&quot;,&quot;pause_on_interaction&quot;:&quot;yes&quot;,&quot;autoplay_speed&quot;:5000,&quot;infinite&quot;:&quot;yes&quot;,&quot;transition_speed&quot;:500}\" data-widget_type=\"slides.default\">\n\t\t\t\t<div class=\"elementor-widget-container\">\n\t\t\t\t\t\t\t\t\t<div class=\"elementor-swiper\">\n\t\t\t\t\t<div class=\"elementor-slides-wrapper elementor-main-swiper swiper\" role=\"region\" aria-roledescription=\"carousel\" aria-label=\"Diapositivas\" dir=\"ltr\" data-animation=\"\">\n\t\t\t\t<div class=\"swiper-wrapper elementor-slides\">\n\t\t\t\t\t\t\t\t\t\t<div class=\"elementor-repeater-item-6b4dc85 swiper-slide\" role=\"group\" aria-roledescription=\"slide\"><div class=\"swiper-slide-bg elementor-ken-burns elementor-ken-burns--in\" role=\"img\" aria-label=\"#87 Formato Web_7\"><\/div><a class=\"swiper-slide-inner\" href=\"https:\/\/amberstories.com\/en\/piezas-unicas\/\"><div class=\"swiper-slide-contents\"><div class=\"elementor-slide-description\">unique creations<\/div><div  class=\"elementor-button elementor-slide-button elementor-size-xs\">GALLERY<\/div><\/div><\/a><\/div><div class=\"elementor-repeater-item-6e39f80 swiper-slide\" role=\"group\" aria-roledescription=\"slide\"><div class=\"swiper-slide-bg elementor-ken-burns elementor-ken-burns--in\" role=\"img\" aria-label=\"#94 Formato Web_1 (cuadrado)\"><\/div><a class=\"swiper-slide-inner\" href=\"https:\/\/amberstories.com\/en\/piezas-unicas\/\"><div class=\"swiper-slide-contents\"><div class=\"elementor-slide-description\">unique creations<\/div><div  class=\"elementor-button elementor-slide-button elementor-size-xs\">GALLERY<\/div><\/div><\/a><\/div><div class=\"elementor-repeater-item-38f1641 swiper-slide\" role=\"group\" aria-roledescription=\"slide\"><div class=\"swiper-slide-bg elementor-ken-burns elementor-ken-burns--in\" role=\"img\" aria-label=\"#97 Formato Web_4\"><\/div><a class=\"swiper-slide-inner\" href=\"https:\/\/amberstories.com\/en\/piezas-unicas\/\"><div class=\"swiper-slide-contents\"><div class=\"elementor-slide-description\">unique creations<\/div><div  class=\"elementor-button elementor-slide-button elementor-size-xs\">GALLERY<\/div><\/div><\/a><\/div><div class=\"elementor-repeater-item-8063a24 swiper-slide\" role=\"group\" aria-roledescription=\"slide\"><div class=\"swiper-slide-bg elementor-ken-burns elementor-ken-burns--in\" role=\"img\" aria-label=\"#81 Formato Web_3\"><\/div><a class=\"swiper-slide-inner\" href=\"https:\/\/amberstories.com\/en\/piezas-unicas\/\"><div class=\"swiper-slide-contents\"><div class=\"elementor-slide-description\">unique creations<\/div><div  class=\"elementor-button elementor-slide-button elementor-size-xs\">GALLERY<\/div><\/div><\/a><\/div><div class=\"elementor-repeater-item-f330cba swiper-slide\" role=\"group\" aria-roledescription=\"slide\"><div class=\"swiper-slide-bg elementor-ken-burns elementor-ken-burns--in\" role=\"img\" aria-label=\"#86 Formato Web_1b\"><\/div><a class=\"swiper-slide-inner\" href=\"https:\/\/amberstories.com\/en\/piezas-unicas\/\"><div class=\"swiper-slide-contents\"><div class=\"elementor-slide-description\">unique creations<\/div><div  class=\"elementor-button elementor-slide-button elementor-size-xs\">GALLERY<\/div><\/div><\/a><\/div><div class=\"elementor-repeater-item-0450dd6 swiper-slide\" role=\"group\" aria-roledescription=\"slide\"><div class=\"swiper-slide-bg elementor-ken-burns elementor-ken-burns--in\" role=\"img\" aria-label=\"PU Umbra #72\"><\/div><a class=\"swiper-slide-inner\" href=\"https:\/\/amberstories.com\/en\/piezas-unicas\/\"><div class=\"swiper-slide-contents\"><div class=\"elementor-slide-description\">unique creations<\/div><div  class=\"elementor-button elementor-slide-button elementor-size-xs\">GALLERY<\/div><\/div><\/a><\/div>\t\t\t\t<\/div>\n\t\t\t\t\t\t\t\t\t\t\t\t\t\t\t<div class=\"elementor-swiper-button elementor-swiper-button-prev\" role=\"button\" tabindex=\"0\" aria-label=\"Previous slide\">\n\t\t\t\t\t\t\t<svg aria-hidden=\"true\" class=\"e-font-icon-svg e-eicon-chevron-left\" viewbox=\"0 0 1000 1000\" xmlns=\"http:\/\/www.w3.org\/2000\/svg\"><path d=\"M646 125C629 125 613 133 604 142L308 442C296 454 292 471 292 487 292 504 296 521 308 533L604 854C617 867 629 875 646 875 663 875 679 871 692 858 704 846 713 829 713 812 713 796 708 779 692 767L438 487 692 225C700 217 708 204 708 187 708 171 704 154 692 142 675 129 663 125 646 125Z\"><\/path><\/svg>\t\t\t\t\t\t<\/div>\n\t\t\t\t\t\t<div class=\"elementor-swiper-button elementor-swiper-button-next\" role=\"button\" tabindex=\"0\" aria-label=\"Next slide\">\n\t\t\t\t\t\t\t<svg aria-hidden=\"true\" class=\"e-font-icon-svg e-eicon-chevron-right\" viewbox=\"0 0 1000 1000\" xmlns=\"http:\/\/www.w3.org\/2000\/svg\"><path d=\"M696 533C708 521 713 504 713 487 713 471 708 454 696 446L400 146C388 133 375 125 354 125 338 125 325 129 313 142 300 154 292 171 292 187 292 204 296 221 308 233L563 492 304 771C292 783 288 800 288 817 288 833 296 850 308 863 321 871 338 875 354 875 371 875 388 867 400 854L696 533Z\"><\/path><\/svg>\t\t\t\t\t\t<\/div>\n\t\t\t\t\t\t\t\t\t\t\t\t\t\t\t\t<div class=\"swiper-pagination\"><\/div>\n\t\t\t\t\t\t\t\t\t\t\t\t<\/div>\n\t\t\t\t<\/div>\n\t\t\t\t\t\t\t\t<\/div>\n\t\t\t\t<\/div>\n\t\t\t\t\t<\/div>\n\t\t<\/div>\n\t\t\t\t\t<\/div>\n\t\t<\/section>\n\t\t\t\t<section class=\"elementor-section elementor-top-section elementor-element elementor-element-58844e3e elementor-section-height-min-height elementor-section-content-middle elementor-section-boxed elementor-section-height-default elementor-section-items-middle\" data-id=\"58844e3e\" data-element_type=\"section\" data-e-type=\"section\">\n\t\t\t\t\t\t<div class=\"elementor-container elementor-column-gap-no\">\n\t\t\t\t\t<div class=\"elementor-column elementor-col-100 elementor-top-column elementor-element elementor-element-5c278425\" data-id=\"5c278425\" data-element_type=\"column\" data-e-type=\"column\" data-settings=\"{&quot;background_background&quot;:&quot;classic&quot;}\">\n\t\t\t<div class=\"elementor-widget-wrap elementor-element-populated\">\n\t\t\t\t\t\t<div class=\"elementor-element elementor-element-58fce09 elementor--v-position-bottom elementor--h-position-center elementor-arrows-position-inside elementor-pagination-position-inside elementor-widget elementor-widget-slides\" data-id=\"58fce09\" data-element_type=\"widget\" data-e-type=\"widget\" data-settings=\"{&quot;transition&quot;:&quot;fade&quot;,&quot;navigation&quot;:&quot;both&quot;,&quot;autoplay&quot;:&quot;yes&quot;,&quot;pause_on_hover&quot;:&quot;yes&quot;,&quot;pause_on_interaction&quot;:&quot;yes&quot;,&quot;autoplay_speed&quot;:5000,&quot;infinite&quot;:&quot;yes&quot;,&quot;transition_speed&quot;:500}\" data-widget_type=\"slides.default\">\n\t\t\t\t<div class=\"elementor-widget-container\">\n\t\t\t\t\t\t\t\t\t<div class=\"elementor-swiper\">\n\t\t\t\t\t<div class=\"elementor-slides-wrapper elementor-main-swiper swiper\" role=\"region\" aria-roledescription=\"carousel\" aria-label=\"Diapositivas\" dir=\"ltr\" data-animation=\"\">\n\t\t\t\t<div class=\"swiper-wrapper elementor-slides\">\n\t\t\t\t\t\t\t\t\t\t<div class=\"elementor-repeater-item-2309f19 swiper-slide\" role=\"group\" aria-roledescription=\"slide\"><div class=\"swiper-slide-bg elementor-ken-burns elementor-ken-burns--in\" role=\"img\" aria-label=\"umbra centre table\"><\/div><a class=\"swiper-slide-inner\" href=\"https:\/\/amberstories.com\/en\/series-unicas\/umbra-serie\/\"><div class=\"swiper-slide-contents\"><div class=\"elementor-slide-heading\">Series \u00fanicas<\/div><div  class=\"elementor-button elementor-slide-button elementor-size-xs\">UMBRA<\/div><\/div><\/a><\/div><div class=\"elementor-repeater-item-ade05ba swiper-slide\" role=\"group\" aria-roledescription=\"slide\"><div class=\"swiper-slide-bg elementor-ken-burns elementor-ken-burns--in\" role=\"img\" aria-label=\"skin dining table\"><\/div><a class=\"swiper-slide-inner\" href=\"https:\/\/amberstories.com\/en\/series-unicas\/serie-skin\/\"><div class=\"swiper-slide-contents\"><div class=\"elementor-slide-heading\">series \u00fanicas<\/div><div  class=\"elementor-button elementor-slide-button elementor-size-xs\">SKIN<\/div><\/div><\/a><\/div><div class=\"elementor-repeater-item-9e6f3c2 swiper-slide\" role=\"group\" aria-roledescription=\"slide\"><div class=\"swiper-slide-bg elementor-ken-burns elementor-ken-burns--in\" role=\"img\" aria-label=\"Benus dining table\"><\/div><a class=\"swiper-slide-inner\" href=\"https:\/\/amberstories.com\/en\/series-unicas\/serie-benus\/\"><div class=\"swiper-slide-contents\"><div class=\"elementor-slide-heading\">series \u00fanicas<\/div><div  class=\"elementor-button elementor-slide-button elementor-size-xs\">BENUS<\/div><\/div><\/a><\/div><div class=\"elementor-repeater-item-8a1701e swiper-slide\" role=\"group\" aria-roledescription=\"slide\"><div class=\"swiper-slide-bg elementor-ken-burns elementor-ken-burns--in\" role=\"img\" aria-label=\"menu Varro1 #24\"><\/div><a class=\"swiper-slide-inner\" href=\"https:\/\/amberstories.com\/en\/series-unicas\/serie-varro\/\"><div class=\"swiper-slide-contents\"><div class=\"elementor-slide-heading\">series \u00fanicas<\/div><div  class=\"elementor-button elementor-slide-button elementor-size-xs\">VARRO<\/div><\/div><\/a><\/div>\t\t\t\t<\/div>\n\t\t\t\t\t\t\t\t\t\t\t\t\t\t\t<div class=\"elementor-swiper-button elementor-swiper-button-prev\" role=\"button\" tabindex=\"0\" aria-label=\"Previous slide\">\n\t\t\t\t\t\t\t<svg aria-hidden=\"true\" class=\"e-font-icon-svg e-eicon-chevron-left\" viewbox=\"0 0 1000 1000\" xmlns=\"http:\/\/www.w3.org\/2000\/svg\"><path d=\"M646 125C629 125 613 133 604 142L308 442C296 454 292 471 292 487 292 504 296 521 308 533L604 854C617 867 629 875 646 875 663 875 679 871 692 858 704 846 713 829 713 812 713 796 708 779 692 767L438 487 692 225C700 217 708 204 708 187 708 171 704 154 692 142 675 129 663 125 646 125Z\"><\/path><\/svg>\t\t\t\t\t\t<\/div>\n\t\t\t\t\t\t<div class=\"elementor-swiper-button elementor-swiper-button-next\" role=\"button\" tabindex=\"0\" aria-label=\"Next slide\">\n\t\t\t\t\t\t\t<svg aria-hidden=\"true\" class=\"e-font-icon-svg e-eicon-chevron-right\" viewbox=\"0 0 1000 1000\" xmlns=\"http:\/\/www.w3.org\/2000\/svg\"><path d=\"M696 533C708 521 713 504 713 487 713 471 708 454 696 446L400 146C388 133 375 125 354 125 338 125 325 129 313 142 300 154 292 171 292 187 292 204 296 221 308 233L563 492 304 771C292 783 288 800 288 817 288 833 296 850 308 863 321 871 338 875 354 875 371 875 388 867 400 854L696 533Z\"><\/path><\/svg>\t\t\t\t\t\t<\/div>\n\t\t\t\t\t\t\t\t\t\t\t\t\t\t\t\t<div class=\"swiper-pagination\"><\/div>\n\t\t\t\t\t\t\t\t\t\t\t\t<\/div>\n\t\t\t\t<\/div>\n\t\t\t\t\t\t\t\t<\/div>\n\t\t\t\t<\/div>\n\t\t\t\t\t<\/div>\n\t\t<\/div>\n\t\t\t\t\t<\/div>\n\t\t<\/section>\n\t\t\t\t<section class=\"elementor-section elementor-top-section elementor-element elementor-element-d3970ff elementor-section-boxed elementor-section-height-default elementor-section-height-default\" data-id=\"d3970ff\" data-element_type=\"section\" data-e-type=\"section\">\n\t\t\t\t\t\t<div class=\"elementor-container elementor-column-gap-default\">\n\t\t\t\t\t<div class=\"elementor-column elementor-col-100 elementor-top-column elementor-element elementor-element-af98550\" data-id=\"af98550\" data-element_type=\"column\" data-e-type=\"column\">\n\t\t\t<div class=\"elementor-widget-wrap elementor-element-populated\">\n\t\t\t\t\t\t<div class=\"elementor-element elementor-element-17b49f3 elementor--v-position-bottom elementor--h-position-center elementor-arrows-position-inside elementor-pagination-position-inside elementor-widget elementor-widget-slides\" data-id=\"17b49f3\" data-element_type=\"widget\" data-e-type=\"widget\" data-settings=\"{&quot;transition&quot;:&quot;fade&quot;,&quot;navigation&quot;:&quot;both&quot;,&quot;autoplay&quot;:&quot;yes&quot;,&quot;pause_on_hover&quot;:&quot;yes&quot;,&quot;pause_on_interaction&quot;:&quot;yes&quot;,&quot;autoplay_speed&quot;:5000,&quot;infinite&quot;:&quot;yes&quot;,&quot;transition_speed&quot;:500}\" data-widget_type=\"slides.default\">\n\t\t\t\t<div class=\"elementor-widget-container\">\n\t\t\t\t\t\t\t\t\t<div class=\"elementor-swiper\">\n\t\t\t\t\t<div class=\"elementor-slides-wrapper elementor-main-swiper swiper\" role=\"region\" aria-roledescription=\"carousel\" aria-label=\"Diapositivas\" dir=\"ltr\" data-animation=\"\">\n\t\t\t\t<div class=\"swiper-wrapper elementor-slides\">\n\t\t\t\t\t\t\t\t\t\t<div class=\"elementor-repeater-item-353f00f swiper-slide\" role=\"group\" aria-roledescription=\"slide\"><div class=\"swiper-slide-bg elementor-ken-burns elementor-ken-burns--in\" role=\"img\" aria-label=\"#91 Formato Web_3\"><\/div><a class=\"swiper-slide-inner\" href=\"https:\/\/amberstories.com\/en\/a-medida\/\"><div class=\"swiper-slide-contents\"><div class=\"elementor-slide-description\">a medida<\/div><div  class=\"elementor-button elementor-slide-button elementor-size-xs\">GALLERY<\/div><\/div><\/a><\/div><div class=\"elementor-repeater-item-010a8dc swiper-slide\" role=\"group\" aria-roledescription=\"slide\"><div class=\"swiper-slide-bg elementor-ken-burns elementor-ken-burns--in\" role=\"img\" aria-label=\"#93 Formato Web_1\"><\/div><a class=\"swiper-slide-inner\" href=\"https:\/\/amberstories.com\/en\/a-medida\/\"><div class=\"swiper-slide-contents\"><div class=\"elementor-slide-description\">a medida<\/div><div  class=\"elementor-button elementor-slide-button elementor-size-xs\">GALLERY<\/div><\/div><\/a><\/div><div class=\"elementor-repeater-item-0ed2605 swiper-slide\" role=\"group\" aria-roledescription=\"slide\"><div class=\"swiper-slide-bg elementor-ken-burns elementor-ken-burns--in\" role=\"img\" aria-label=\"#63 Formato Web_1\"><\/div><a class=\"swiper-slide-inner\" href=\"https:\/\/amberstories.com\/en\/a-medida\/\"><div class=\"swiper-slide-contents\"><div class=\"elementor-slide-description\">a medida<\/div><div  class=\"elementor-button elementor-slide-button elementor-size-xs\">GALLERY<\/div><\/div><\/a><\/div><div class=\"elementor-repeater-item-114b874 swiper-slide\" role=\"group\" aria-roledescription=\"slide\"><div class=\"swiper-slide-bg elementor-ken-burns elementor-ken-burns--in\" role=\"img\" aria-label=\"#76 Formato Web_4\"><\/div><a class=\"swiper-slide-inner\" href=\"https:\/\/amberstories.com\/en\/a-medida\/\"><div class=\"swiper-slide-contents\"><div class=\"elementor-slide-description\">a medida<\/div><div  class=\"elementor-button elementor-slide-button elementor-size-xs\">GALLERY<\/div><\/div><\/a><\/div><div class=\"elementor-repeater-item-9dae0a4 swiper-slide\" role=\"group\" aria-roledescription=\"slide\"><div class=\"swiper-slide-bg elementor-ken-burns elementor-ken-burns--in\" role=\"img\" aria-label=\"#61 Formato cuadrado Web\"><\/div><a class=\"swiper-slide-inner\" href=\"https:\/\/amberstories.com\/en\/a-medida\/\"><div class=\"swiper-slide-contents\"><div class=\"elementor-slide-description\">a medida<\/div><div  class=\"elementor-button elementor-slide-button elementor-size-xs\">GALLERY<\/div><\/div><\/a><\/div>\t\t\t\t<\/div>\n\t\t\t\t\t\t\t\t\t\t\t\t\t\t\t<div class=\"elementor-swiper-button elementor-swiper-button-prev\" role=\"button\" tabindex=\"0\" aria-label=\"Previous slide\">\n\t\t\t\t\t\t\t<svg aria-hidden=\"true\" class=\"e-font-icon-svg e-eicon-chevron-left\" viewbox=\"0 0 1000 1000\" xmlns=\"http:\/\/www.w3.org\/2000\/svg\"><path d=\"M646 125C629 125 613 133 604 142L308 442C296 454 292 471 292 487 292 504 296 521 308 533L604 854C617 867 629 875 646 875 663 875 679 871 692 858 704 846 713 829 713 812 713 796 708 779 692 767L438 487 692 225C700 217 708 204 708 187 708 171 704 154 692 142 675 129 663 125 646 125Z\"><\/path><\/svg>\t\t\t\t\t\t<\/div>\n\t\t\t\t\t\t<div class=\"elementor-swiper-button elementor-swiper-button-next\" role=\"button\" tabindex=\"0\" aria-label=\"Next slide\">\n\t\t\t\t\t\t\t<svg aria-hidden=\"true\" class=\"e-font-icon-svg e-eicon-chevron-right\" viewbox=\"0 0 1000 1000\" xmlns=\"http:\/\/www.w3.org\/2000\/svg\"><path d=\"M696 533C708 521 713 504 713 487 713 471 708 454 696 446L400 146C388 133 375 125 354 125 338 125 325 129 313 142 300 154 292 171 292 187 292 204 296 221 308 233L563 492 304 771C292 783 288 800 288 817 288 833 296 850 308 863 321 871 338 875 354 875 371 875 388 867 400 854L696 533Z\"><\/path><\/svg>\t\t\t\t\t\t<\/div>\n\t\t\t\t\t\t\t\t\t\t\t\t\t\t\t\t<div class=\"swiper-pagination\"><\/div>\n\t\t\t\t\t\t\t\t\t\t\t\t<\/div>\n\t\t\t\t<\/div>\n\t\t\t\t\t\t\t\t<\/div>\n\t\t\t\t<\/div>\n\t\t\t\t<div class=\"elementor-element elementor-element-6baa27c elementor-widget elementor-widget-spacer\" data-id=\"6baa27c\" data-element_type=\"widget\" data-e-type=\"widget\" data-widget_type=\"spacer.default\">\n\t\t\t\t<div class=\"elementor-widget-container\">\n\t\t\t\t\t\t\t<div class=\"elementor-spacer\">\n\t\t\t<div class=\"elementor-spacer-inner\"><\/div>\n\t\t<\/div>\n\t\t\t\t\t\t<\/div>\n\t\t\t\t<\/div>\n\t\t\t\t\t<\/div>\n\t\t<\/div>\n\t\t\t\t\t<\/div>\n\t\t<\/section>\n\t\t\t\t<\/div>","protected":false},"excerpt":{"rendered":"<p>DESC\u00c1RGATE NUESTRO PORTFOLIO&nbsp;AQU\u00cd NOVEDADES MODELO BRET PIEZA \u00daNICA NR.85 PIEZA \u00daNICA NR.94 MODELO BUK BLACK PIEZA \u00daNICA NR.92 piezas \u00fanicasGALER\u00cdApiezas \u00fanicasGALER\u00cdApiezas \u00fanicasGALER\u00cdApiezas \u00fanicasGALER\u00cdApiezas \u00fanicasGALER\u00cdApiezas \u00fanicasGALER\u00cdA Series \u00fanicasUMBRAseries \u00fanicasSKINseries \u00fanicasBENUSseries \u00fanicasVARRO a medidaGALER\u00cdAa medidaGALER\u00cdAa medidaGALER\u00cdAa medidaGALER\u00cdAa medidaGALER\u00cdA<\/p>","protected":false},"author":8183,"featured_media":0,"parent":0,"menu_order":0,"comment_status":"closed","ping_status":"closed","template":"elementor_header_footer","meta":{"_joinchat":[],"footnotes":""},"class_list":["post-30","page","type-page","status-publish","hentry"],"_links":{"self":[{"href":"https:\/\/amberstories.com\/en\/wp-json\/wp\/v2\/pages\/30","targetHints":{"allow":["GET"]}}],"collection":[{"href":"https:\/\/amberstories.com\/en\/wp-json\/wp\/v2\/pages"}],"about":[{"href":"https:\/\/amberstories.com\/en\/wp-json\/wp\/v2\/types\/page"}],"author":[{"embeddable":true,"href":"https:\/\/amberstories.com\/en\/wp-json\/wp\/v2\/users\/8183"}],"replies":[{"embeddable":true,"href":"https:\/\/amberstories.com\/en\/wp-json\/wp\/v2\/comments?post=30"}],"version-history":[{"count":25,"href":"https:\/\/amberstories.com\/en\/wp-json\/wp\/v2\/pages\/30\/revisions"}],"predecessor-version":[{"id":2758,"href":"https:\/\/amberstories.com\/en\/wp-json\/wp\/v2\/pages\/30\/revisions\/2758"}],"wp:attachment":[{"href":"https:\/\/amberstories.com\/en\/wp-json\/wp\/v2\/media?parent=30"}],"curies":[{"name":"wp","href":"https:\/\/api.w.org\/{rel}","templated":true}]}}