{"id":348,"date":"2022-11-29T09:02:28","date_gmt":"2022-11-29T09:02:28","guid":{"rendered":"https:\/\/amberstories.com\/?page_id=348"},"modified":"2024-03-07T16:41:43","modified_gmt":"2024-03-07T15:41:43","slug":"serie-skin","status":"publish","type":"page","link":"https:\/\/amberstories.com\/en\/series-unicas\/serie-skin\/","title":{"rendered":"SERIE SKIN"},"content":{"rendered":"<div data-elementor-type=\"wp-page\" data-elementor-id=\"348\" class=\"elementor elementor-348\" data-elementor-post-type=\"page\">\n\t\t\t\t\t\t<section class=\"elementor-section elementor-top-section elementor-element elementor-element-1d035301 elementor-section-boxed elementor-section-height-default elementor-section-height-default\" data-id=\"1d035301\" data-element_type=\"section\" data-e-type=\"section\">\n\t\t\t\t\t\t<div class=\"elementor-container elementor-column-gap-default\">\n\t\t\t\t\t<div class=\"elementor-column elementor-col-100 elementor-top-column elementor-element elementor-element-341b0dcf\" data-id=\"341b0dcf\" data-element_type=\"column\" data-e-type=\"column\">\n\t\t\t<div class=\"elementor-widget-wrap elementor-element-populated\">\n\t\t\t\t\t\t<div class=\"elementor-element elementor-element-5bbcfa45 elementor-widget elementor-widget-spacer\" data-id=\"5bbcfa45\" data-element_type=\"widget\" data-e-type=\"widget\" data-widget_type=\"spacer.default\">\n\t\t\t\t<div class=\"elementor-widget-container\">\n\t\t\t\t\t\t\t<div class=\"elementor-spacer\">\n\t\t\t<div class=\"elementor-spacer-inner\"><\/div>\n\t\t<\/div>\n\t\t\t\t\t\t<\/div>\n\t\t\t\t<\/div>\n\t\t\t\t<div class=\"elementor-element elementor-element-7296a398 elementor-widget elementor-widget-text-editor\" data-id=\"7296a398\" data-element_type=\"widget\" data-e-type=\"widget\" data-widget_type=\"text-editor.default\">\n\t\t\t\t<div class=\"elementor-widget-container\">\n\t\t\t\t\t\t\t\t\t<p>The century old beams that we salvage from historic buildings in the trimillenary city of  C\u00e1diz have always been around since our beginnings and are essentially our trademark.<\/p><p><span style=\"color: var( --e-global-color-text ); font-family: var( --e-global-typography-text-font-family ), Sans-serif; font-size: var( --e-global-typography-text-font-size ); font-style: var( --e-global-typography-text-font-style ); font-weight: var( --e-global-typography-text-font-weight ); letter-spacing: var( --e-global-typography-text-letter-spacing ); text-transform: var( --e-global-typography-text-text-transform ); background-color: var( --e-global-color-9fdae95 );\">The century old beams that we salvage from historic buildings in the trimillenary city of  C\u00e1diz have always been around since our beginnings and are essentially our trademark.\nWe were lucky to recover a batch of roof rafters big enough to orchestrate a collection around them. The purpose of the design is to not touch the layers of skin (paint, plaster, grime etc) and wrinkles that these structural beams have garnered since the construction of the British Embassy in Calle Sagasta nr.1 began in 1750. By doing so we honor the lives of all people and characters that have dwelled this magnificent building over its almost 300 years of existence.\nIt\u00b4s not an easy task to work with irregular and imperfect timber so we have kept all shapes and joinery pretty straightforward. We have coated the rougher faces in a way that they are safe and enjoyable to touch without losing one bit of authenticity. For this updated edition we have added a table lamp, a bench and a console to the Series.<\/span><\/p><p><span style=\"color: var( --e-global-color-text ); font-family: var( --e-global-typography-text-font-family ), Sans-serif; font-size: var( --e-global-typography-text-font-size ); font-style: var( --e-global-typography-text-font-style ); font-weight: var( --e-global-typography-text-font-weight ); letter-spacing: var( --e-global-typography-text-letter-spacing ); text-transform: var( --e-global-typography-text-text-transform ); background-color: var( --e-global-color-9fdae95 );\">It\u00b4s not an easy task to work with irregular and imperfect timber so we have kept all shapes and joinery pretty straightforward. We have coated the rougher faces in a way that they are safe and enjoyable to touch without losing one bit of authenticity.\u00a0<\/span><\/p>\t\t\t\t\t\t\t\t<\/div>\n\t\t\t\t<\/div>\n\t\t\t\t<div class=\"elementor-element elementor-element-3ece1d90 elementor-widget elementor-widget-spacer\" data-id=\"3ece1d90\" data-element_type=\"widget\" data-e-type=\"widget\" data-widget_type=\"spacer.default\">\n\t\t\t\t<div class=\"elementor-widget-container\">\n\t\t\t\t\t\t\t<div class=\"elementor-spacer\">\n\t\t\t<div class=\"elementor-spacer-inner\"><\/div>\n\t\t<\/div>\n\t\t\t\t\t\t<\/div>\n\t\t\t\t<\/div>\n\t\t\t\t\t<\/div>\n\t\t<\/div>\n\t\t\t\t\t<\/div>\n\t\t<\/section>\n\t\t\t\t<section class=\"elementor-section elementor-top-section elementor-element elementor-element-7b4f9918 elementor-section-boxed elementor-section-height-default elementor-section-height-default\" data-id=\"7b4f9918\" data-element_type=\"section\" data-e-type=\"section\">\n\t\t\t\t\t\t<div class=\"elementor-container elementor-column-gap-default\">\n\t\t\t\t\t<div class=\"elementor-column elementor-col-100 elementor-top-column elementor-element elementor-element-52a4007e\" data-id=\"52a4007e\" data-element_type=\"column\" data-e-type=\"column\">\n\t\t\t<div class=\"elementor-widget-wrap elementor-element-populated\">\n\t\t\t\t\t\t<div class=\"elementor-element elementor-element-5febbc42 elementor-widget elementor-widget-heading\" data-id=\"5febbc42\" data-element_type=\"widget\" data-e-type=\"widget\" data-widget_type=\"heading.default\">\n\t\t\t\t<div class=\"elementor-widget-container\">\n\t\t\t\t\t<h2 class=\"elementor-heading-title elementor-size-default\">SERIE SKIN<\/h2>\t\t\t\t<\/div>\n\t\t\t\t<\/div>\n\t\t\t\t<div class=\"elementor-element elementor-element-9c514d1 elementor-widget elementor-widget-spacer\" data-id=\"9c514d1\" data-element_type=\"widget\" data-e-type=\"widget\" data-widget_type=\"spacer.default\">\n\t\t\t\t<div class=\"elementor-widget-container\">\n\t\t\t\t\t\t\t<div class=\"elementor-spacer\">\n\t\t\t<div class=\"elementor-spacer-inner\"><\/div>\n\t\t<\/div>\n\t\t\t\t\t\t<\/div>\n\t\t\t\t<\/div>\n\t\t\t\t\t<\/div>\n\t\t<\/div>\n\t\t\t\t\t<\/div>\n\t\t<\/section>\n\t\t\t\t<section class=\"elementor-section elementor-top-section elementor-element elementor-element-703eb059 elementor-section-boxed elementor-section-height-default elementor-section-height-default\" data-id=\"703eb059\" data-element_type=\"section\" data-e-type=\"section\">\n\t\t\t\t\t\t<div class=\"elementor-container elementor-column-gap-default\">\n\t\t\t\t\t<div class=\"elementor-column elementor-col-33 elementor-top-column elementor-element elementor-element-6d6c0db1\" data-id=\"6d6c0db1\" data-element_type=\"column\" data-e-type=\"column\">\n\t\t\t<div class=\"elementor-widget-wrap elementor-element-populated\">\n\t\t\t\t\t\t<div class=\"elementor-element elementor-element-6bd35d91 elementor-position-top elementor-widget elementor-widget-image-box\" data-id=\"6bd35d91\" data-element_type=\"widget\" data-e-type=\"widget\" data-widget_type=\"image-box.default\">\n\t\t\t\t<div class=\"elementor-widget-container\">\n\t\t\t\t\t<div class=\"elementor-image-box-wrapper\"><figure class=\"elementor-image-box-img\"><a href=\"https:\/\/amberstories.com\/en\/ficha-skin-dining\/\" tabindex=\"-1\"><img decoding=\"async\" src=\"https:\/\/amberstories.com\/wp-content\/uploads\/elementor\/thumbs\/ambertables00008-pyc7uxobt1bu1jn7p75c6biwlhqo3jce6yc7o7qf9g.jpg\" title=\"ambertables00008\" alt=\"ambertables00008\" loading=\"lazy\" \/><\/a><\/figure><div class=\"elementor-image-box-content\"><h3 class=\"elementor-image-box-title\"><a href=\"https:\/\/amberstories.com\/en\/ficha-skin-dining\/\">Dining Table<\/a><\/h3><\/div><\/div>\t\t\t\t<\/div>\n\t\t\t\t<\/div>\n\t\t\t\t\t<\/div>\n\t\t<\/div>\n\t\t\t\t<div class=\"elementor-column elementor-col-33 elementor-top-column elementor-element elementor-element-70e1fce1\" data-id=\"70e1fce1\" data-element_type=\"column\" data-e-type=\"column\">\n\t\t\t<div class=\"elementor-widget-wrap elementor-element-populated\">\n\t\t\t\t\t\t<div class=\"elementor-element elementor-element-5e785f6e elementor-position-top elementor-widget elementor-widget-image-box\" data-id=\"5e785f6e\" data-element_type=\"widget\" data-e-type=\"widget\" data-widget_type=\"image-box.default\">\n\t\t\t\t<div class=\"elementor-widget-container\">\n\t\t\t\t\t<div class=\"elementor-image-box-wrapper\"><figure class=\"elementor-image-box-img\"><a href=\"https:\/\/amberstories.com\/en\/ficha-skin-centre\/\" tabindex=\"-1\"><img decoding=\"async\" src=\"https:\/\/amberstories.com\/wp-content\/uploads\/elementor\/thumbs\/ambertables00004-4-pyc7u7cuhobt0gpfyvrs8i5zypce40fwrc2m8gtg3o.jpg\" title=\"ambertables00004\" alt=\"ambertables00004\" loading=\"lazy\" \/><\/a><\/figure><div class=\"elementor-image-box-content\"><h3 class=\"elementor-image-box-title translation-block\">Centre Table<\/h3><\/div><\/div>\t\t\t\t<\/div>\n\t\t\t\t<\/div>\n\t\t\t\t\t<\/div>\n\t\t<\/div>\n\t\t\t\t<div class=\"elementor-column elementor-col-33 elementor-top-column elementor-element elementor-element-e4fc34f\" data-id=\"e4fc34f\" data-element_type=\"column\" data-e-type=\"column\">\n\t\t\t<div class=\"elementor-widget-wrap elementor-element-populated\">\n\t\t\t\t\t\t<div class=\"elementor-element elementor-element-2bb3c2b elementor-position-top elementor-widget elementor-widget-image-box\" data-id=\"2bb3c2b\" data-element_type=\"widget\" data-e-type=\"widget\" data-widget_type=\"image-box.default\">\n\t\t\t\t<div class=\"elementor-widget-container\">\n\t\t\t\t\t<div class=\"elementor-image-box-wrapper\"><figure class=\"elementor-image-box-img\"><img decoding=\"async\" src=\"https:\/\/amberstories.com\/wp-content\/uploads\/elementor\/thumbs\/Skin-41-formato-web-qkuyp9tqzmh0u10jvfsiz6so39d4ha2jngx0olbidg.jpg\" title=\"Skin #41 formato web\" alt=\"Skin #41 formato web\" loading=\"lazy\" \/><\/figure><div class=\"elementor-image-box-content\"><h3 class=\"elementor-image-box-title\">Console Table<\/h3><\/div><\/div>\t\t\t\t<\/div>\n\t\t\t\t<\/div>\n\t\t\t\t\t<\/div>\n\t\t<\/div>\n\t\t\t\t\t<\/div>\n\t\t<\/section>\n\t\t\t\t<section class=\"elementor-section elementor-top-section elementor-element elementor-element-af1080f elementor-section-boxed elementor-section-height-default elementor-section-height-default\" data-id=\"af1080f\" data-element_type=\"section\" data-e-type=\"section\">\n\t\t\t\t\t\t<div class=\"elementor-container elementor-column-gap-default\">\n\t\t\t\t\t<div class=\"elementor-column elementor-col-33 elementor-top-column elementor-element elementor-element-a6b37e7\" data-id=\"a6b37e7\" data-element_type=\"column\" data-e-type=\"column\">\n\t\t\t<div class=\"elementor-widget-wrap elementor-element-populated\">\n\t\t\t\t\t\t<div class=\"elementor-element elementor-element-dd7917a elementor-position-top elementor-widget elementor-widget-image-box\" data-id=\"dd7917a\" data-element_type=\"widget\" data-e-type=\"widget\" data-widget_type=\"image-box.default\">\n\t\t\t\t<div class=\"elementor-widget-container\">\n\t\t\t\t\t<div class=\"elementor-image-box-wrapper\"><figure class=\"elementor-image-box-img\"><img decoding=\"async\" src=\"https:\/\/amberstories.com\/wp-content\/uploads\/elementor\/thumbs\/Skin-Banco-Formato-Web-qkv0u8tyn7ulsrvnkqwxfbgji37afxmu76vcgsged4.jpg\" title=\"Skin Banco Formato Web\" alt=\"Skin Banco Formato Web\" loading=\"lazy\" \/><\/figure><div class=\"elementor-image-box-content\"><h3 class=\"elementor-image-box-title\">Bench<\/h3><\/div><\/div>\t\t\t\t<\/div>\n\t\t\t\t<\/div>\n\t\t\t\t\t<\/div>\n\t\t<\/div>\n\t\t\t\t<div class=\"elementor-column elementor-col-33 elementor-top-column elementor-element elementor-element-f9a9db0\" data-id=\"f9a9db0\" data-element_type=\"column\" data-e-type=\"column\">\n\t\t\t<div class=\"elementor-widget-wrap elementor-element-populated\">\n\t\t\t\t\t\t<div class=\"elementor-element elementor-element-e8b4b99 elementor-position-top elementor-widget elementor-widget-image-box\" data-id=\"e8b4b99\" data-element_type=\"widget\" data-e-type=\"widget\" data-widget_type=\"image-box.default\">\n\t\t\t\t<div class=\"elementor-widget-container\">\n\t\t\t\t\t<div class=\"elementor-image-box-wrapper\"><figure class=\"elementor-image-box-img\"><img decoding=\"async\" src=\"https:\/\/amberstories.com\/wp-content\/uploads\/elementor\/thumbs\/Skin-Taburete-formato-web-qkv8j9tkvf2vjhhbxhslaet689rp0jewycl2alpcjc.jpg\" title=\"Skin Taburete formato web\" alt=\"Skin Taburete formato web\" loading=\"lazy\" \/><\/figure><div class=\"elementor-image-box-content\"><h3 class=\"elementor-image-box-title\">Stool<\/h3><\/div><\/div>\t\t\t\t<\/div>\n\t\t\t\t<\/div>\n\t\t\t\t\t<\/div>\n\t\t<\/div>\n\t\t\t\t<div class=\"elementor-column elementor-col-33 elementor-top-column elementor-element elementor-element-b883df5\" data-id=\"b883df5\" data-element_type=\"column\" data-e-type=\"column\">\n\t\t\t<div class=\"elementor-widget-wrap elementor-element-populated\">\n\t\t\t\t\t\t<div class=\"elementor-element elementor-element-1872d89 elementor-position-top elementor-widget elementor-widget-image-box\" data-id=\"1872d89\" data-element_type=\"widget\" data-e-type=\"widget\" data-widget_type=\"image-box.default\">\n\t\t\t\t<div class=\"elementor-widget-container\">\n\t\t\t\t\t<div class=\"elementor-image-box-wrapper\"><figure class=\"elementor-image-box-img\"><img decoding=\"async\" src=\"https:\/\/amberstories.com\/wp-content\/uploads\/elementor\/thumbs\/Skin-Lampara-formato-web-qkv8j62842xq91msjg630frbuqa85qzzltz4dhux88.jpg\" title=\"Skin Lampara formato web\" alt=\"Skin Lampara formato web\" loading=\"lazy\" \/><\/figure><div class=\"elementor-image-box-content\"><h3 class=\"elementor-image-box-title\">Lamp<\/h3><\/div><\/div>\t\t\t\t<\/div>\n\t\t\t\t<\/div>\n\t\t\t\t\t<\/div>\n\t\t<\/div>\n\t\t\t\t\t<\/div>\n\t\t<\/section>\n\t\t\t\t<section class=\"elementor-section elementor-top-section elementor-element elementor-element-59faf0e1 elementor-section-boxed elementor-section-height-default elementor-section-height-default\" data-id=\"59faf0e1\" data-element_type=\"section\" data-e-type=\"section\">\n\t\t\t\t\t\t<div class=\"elementor-container elementor-column-gap-default\">\n\t\t\t\t\t<div class=\"elementor-column elementor-col-100 elementor-top-column elementor-element elementor-element-78665968\" data-id=\"78665968\" data-element_type=\"column\" data-e-type=\"column\">\n\t\t\t<div class=\"elementor-widget-wrap elementor-element-populated\">\n\t\t\t\t\t\t<div class=\"elementor-element elementor-element-4b1fdfbd elementor-widget elementor-widget-spacer\" data-id=\"4b1fdfbd\" data-element_type=\"widget\" data-e-type=\"widget\" data-widget_type=\"spacer.default\">\n\t\t\t\t<div class=\"elementor-widget-container\">\n\t\t\t\t\t\t\t<div class=\"elementor-spacer\">\n\t\t\t<div class=\"elementor-spacer-inner\"><\/div>\n\t\t<\/div>\n\t\t\t\t\t\t<\/div>\n\t\t\t\t<\/div>\n\t\t\t\t<div class=\"elementor-element elementor-element-483e3e9e elementor-widget elementor-widget-text-editor\" data-id=\"483e3e9e\" data-element_type=\"widget\" data-e-type=\"widget\" data-widget_type=\"text-editor.default\">\n\t\t\t\t<div class=\"elementor-widget-container\">\n\t\t\t\t\t\t\t\t\t<p>For each of the models you will find a gallery plenty of pictures of the piece together with dimensional and material options. If you have special requirements just let us know.<\/p><p>We manufacture it ourselves so we can probably make it happen.<\/p>\t\t\t\t\t\t\t\t<\/div>\n\t\t\t\t<\/div>\n\t\t\t\t<div class=\"elementor-element elementor-element-281a42f6 elementor-widget elementor-widget-spacer\" data-id=\"281a42f6\" data-element_type=\"widget\" data-e-type=\"widget\" data-widget_type=\"spacer.default\">\n\t\t\t\t<div class=\"elementor-widget-container\">\n\t\t\t\t\t\t\t<div class=\"elementor-spacer\">\n\t\t\t<div class=\"elementor-spacer-inner\"><\/div>\n\t\t<\/div>\n\t\t\t\t\t\t<\/div>\n\t\t\t\t<\/div>\n\t\t\t\t\t<\/div>\n\t\t<\/div>\n\t\t\t\t\t<\/div>\n\t\t<\/section>\n\t\t\t\t<\/div>","protected":false},"excerpt":{"rendered":"<p>Las vigas antiguas que rescatamos de edificios centenarios en demolici\u00f3n de la trimilenaria ciudad de C\u00e1diz nos han acompa\u00f1ado desde nuestro origen y son nuestro santo y se\u00f1a. Tuvimos la suerte de conseguir un lote suficientemente amplio y de formato y color similar como para dise\u00f1ar una colecci\u00f3n de tama\u00f1o razonable en torno a ella. [&hellip;]<\/p>","protected":false},"author":8183,"featured_media":0,"parent":21,"menu_order":0,"comment_status":"closed","ping_status":"closed","template":"elementor_header_footer","meta":{"_joinchat":[],"footnotes":""},"class_list":["post-348","page","type-page","status-publish","hentry"],"_links":{"self":[{"href":"https:\/\/amberstories.com\/en\/wp-json\/wp\/v2\/pages\/348","targetHints":{"allow":["GET"]}}],"collection":[{"href":"https:\/\/amberstories.com\/en\/wp-json\/wp\/v2\/pages"}],"about":[{"href":"https:\/\/amberstories.com\/en\/wp-json\/wp\/v2\/types\/page"}],"author":[{"embeddable":true,"href":"https:\/\/amberstories.com\/en\/wp-json\/wp\/v2\/users\/8183"}],"replies":[{"embeddable":true,"href":"https:\/\/amberstories.com\/en\/wp-json\/wp\/v2\/comments?post=348"}],"version-history":[{"count":25,"href":"https:\/\/amberstories.com\/en\/wp-json\/wp\/v2\/pages\/348\/revisions"}],"predecessor-version":[{"id":1996,"href":"https:\/\/amberstories.com\/en\/wp-json\/wp\/v2\/pages\/348\/revisions\/1996"}],"up":[{"embeddable":true,"href":"https:\/\/amberstories.com\/en\/wp-json\/wp\/v2\/pages\/21"}],"wp:attachment":[{"href":"https:\/\/amberstories.com\/en\/wp-json\/wp\/v2\/media?parent=348"}],"curies":[{"name":"wp","href":"https:\/\/api.w.org\/{rel}","templated":true}]}}