{"id":762,"date":"2022-11-30T08:42:18","date_gmt":"2022-11-30T08:42:18","guid":{"rendered":"https:\/\/amberstories.com\/?page_id=762"},"modified":"2022-11-30T08:44:19","modified_gmt":"2022-11-30T08:44:19","slug":"ficha-skin-dining","status":"publish","type":"page","link":"https:\/\/amberstories.com\/en\/ficha-skin-dining\/","title":{"rendered":"FICHA SKIN DINING"},"content":{"rendered":"<div data-elementor-type=\"wp-page\" data-elementor-id=\"762\" class=\"elementor elementor-762\" data-elementor-post-type=\"page\">\n\t\t\t\t\t\t<section class=\"elementor-section elementor-top-section elementor-element elementor-element-987b824 elementor-section-boxed elementor-section-height-default elementor-section-height-default\" data-id=\"987b824\" data-element_type=\"section\" data-e-type=\"section\">\n\t\t\t\t\t\t<div class=\"elementor-container elementor-column-gap-default\">\n\t\t\t\t\t<div class=\"elementor-column elementor-col-100 elementor-top-column elementor-element elementor-element-7bd9a785\" data-id=\"7bd9a785\" data-element_type=\"column\" data-e-type=\"column\">\n\t\t\t<div class=\"elementor-widget-wrap elementor-element-populated\">\n\t\t\t\t\t\t<div class=\"elementor-element elementor-element-30faf7fc elementor-widget elementor-widget-heading\" data-id=\"30faf7fc\" data-element_type=\"widget\" data-e-type=\"widget\" data-widget_type=\"heading.default\">\n\t\t\t\t<div class=\"elementor-widget-container\">\n\t\t\t\t\t<h2 class=\"elementor-heading-title elementor-size-default\">SKIN DINING<\/h2>\t\t\t\t<\/div>\n\t\t\t\t<\/div>\n\t\t\t\t<div class=\"elementor-element elementor-element-36235ace elementor-position-top elementor-widget elementor-widget-image-box\" data-id=\"36235ace\" data-element_type=\"widget\" data-e-type=\"widget\" data-widget_type=\"image-box.default\">\n\t\t\t\t<div class=\"elementor-widget-container\">\n\t\t\t\t\t<div class=\"elementor-image-box-wrapper\"><figure class=\"elementor-image-box-img\"><img fetchpriority=\"high\" decoding=\"async\" width=\"985\" height=\"800\" src=\"https:\/\/amberstories.com\/wp-content\/uploads\/2022\/11\/ambertables00010.jpg\" class=\"attachment-full size-full wp-image-158\" alt=\"skin dining table\" srcset=\"https:\/\/amberstories.com\/wp-content\/uploads\/2022\/11\/ambertables00010.jpg 985w, https:\/\/amberstories.com\/wp-content\/uploads\/2022\/11\/ambertables00010-300x244.jpg 300w, https:\/\/amberstories.com\/wp-content\/uploads\/2022\/11\/ambertables00010-768x624.jpg 768w\" sizes=\"(max-width: 985px) 100vw, 985px\" \/><\/figure><div class=\"elementor-image-box-content\"><p class=\"elementor-image-box-description\">The design of this model stems from the knowledge gathered in the manufacturing process of our Amber #2 back in February 2019.\n\nThe chunky countertop of this table doubles as lengthwise support without the need for further side aprons. This results in a seemingly lightweight silhouette despite its hefty thickness.\n\nThe surfaces left in original condition (\u201cskin\u201d) can be finished in a choice of matt black or a glossy multilayered lacquer.\n\nAs for the tabletop, all holes, crack and imperfections have been filled with a combination of wooden plugs and resin so the end result is an immaculate flat surface with tonnes of unparalleled character.<\/p><\/div><\/div>\t\t\t\t<\/div>\n\t\t\t\t<\/div>\n\t\t\t\t<div class=\"elementor-element elementor-element-6d36cbb4 elementor-widget elementor-widget-image\" data-id=\"6d36cbb4\" data-element_type=\"widget\" data-e-type=\"widget\" data-widget_type=\"image.default\">\n\t\t\t\t<div class=\"elementor-widget-container\">\n\t\t\t\t\t\t\t\t\t\t\t\t\t\t\t<img decoding=\"async\" src=\"https:\/\/amberstories.com\/wp-content\/uploads\/elementor\/thumbs\/cajetin-opciones-skin-dining-pygswn0wyj7n0d9atc9d6xy2yx6w26j9nsdroe2n7k.png\" title=\"cajetin opciones skin dining\" alt=\"cajetin opciones skin dining\" loading=\"lazy\" \/>\t\t\t\t\t\t\t\t\t\t\t\t\t\t\t<\/div>\n\t\t\t\t<\/div>\n\t\t\t\t<div class=\"elementor-element elementor-element-115b1747 elementor-widget elementor-widget-gallery\" data-id=\"115b1747\" data-element_type=\"widget\" data-e-type=\"widget\" data-settings=\"{&quot;gallery_layout&quot;:&quot;masonry&quot;,&quot;columns&quot;:3,&quot;lazyload&quot;:&quot;yes&quot;,&quot;columns_tablet&quot;:2,&quot;columns_mobile&quot;:1,&quot;gap&quot;:{&quot;unit&quot;:&quot;px&quot;,&quot;size&quot;:10,&quot;sizes&quot;:[]},&quot;gap_tablet&quot;:{&quot;unit&quot;:&quot;px&quot;,&quot;size&quot;:10,&quot;sizes&quot;:[]},&quot;gap_mobile&quot;:{&quot;unit&quot;:&quot;px&quot;,&quot;size&quot;:10,&quot;sizes&quot;:[]},&quot;link_to&quot;:&quot;file&quot;,&quot;content_hover_animation&quot;:&quot;fade-in&quot;}\" data-widget_type=\"gallery.default\">\n\t\t\t\t<div class=\"elementor-widget-container\">\n\t\t\t\t\t\t\t\t<div class=\"elementor-gallery__titles-container e--pointer-underline e--animation-fade\" aria-label=\"Filtro de galer\u00eda\" data-no-translation-aria-label=\"\">\n\t\t\t\t\n\t\t\t\t\t\t\t\t\t<a class=\"elementor-item elementor-gallery-title\" role=\"button\" tabindex=\"0\" data-gallery-index=\"0\">\n\t\t\t\t\t\t\t\t\t\t\t<\/a>\n\t\t\t\t\t\t\t\t<\/div>\n\t\t\t\t\t<div class=\"elementor-gallery__container\">\n\t\t\t\t\t\t\t<a class=\"e-gallery-item elementor-gallery-item elementor-animated-content\" data-e-gallery-tags=\"0\" href=\"https:\/\/amberstories.com\/wp-content\/uploads\/2022\/11\/ambertables00013.jpg\" data-elementor-open-lightbox=\"yes\" data-elementor-lightbox-slideshow=\"115b1747\" data-elementor-lightbox-title=\"ambertables00013\" data-e-action-hash=\"#elementor-action%3Aaction%3Dlightbox%26settings%3DeyJpZCI6MTYxLCJ1cmwiOiJodHRwczpcL1wvYW1iZXJzdG9yaWVzLmNvbVwvd3AtY29udGVudFwvdXBsb2Fkc1wvMjAyMlwvMTFcL2FtYmVydGFibGVzMDAwMTMuanBnIiwic2xpZGVzaG93IjoiMTE1YjE3NDcifQ%3D%3D\">\n\t\t\t\t\t<div class=\"e-gallery-image elementor-gallery-item__image\" data-thumbnail=\"https:\/\/amberstories.com\/wp-content\/uploads\/2022\/11\/ambertables00013-225x300.jpg\" data-width=\"225\" data-height=\"300\" aria-label=\"\" role=\"img\" ><\/div>\n\t\t\t\t\t\t\t\t\t\t\t\t\t\t<\/a>\n\t\t\t\t\t\t\t<a class=\"e-gallery-item elementor-gallery-item elementor-animated-content\" data-e-gallery-tags=\"0\" href=\"https:\/\/amberstories.com\/wp-content\/uploads\/2022\/11\/ambertables00012.jpg\" data-elementor-open-lightbox=\"yes\" data-elementor-lightbox-slideshow=\"115b1747\" data-elementor-lightbox-title=\"ambertables00012\" data-e-action-hash=\"#elementor-action%3Aaction%3Dlightbox%26settings%3DeyJpZCI6MTYwLCJ1cmwiOiJodHRwczpcL1wvYW1iZXJzdG9yaWVzLmNvbVwvd3AtY29udGVudFwvdXBsb2Fkc1wvMjAyMlwvMTFcL2FtYmVydGFibGVzMDAwMTIuanBnIiwic2xpZGVzaG93IjoiMTE1YjE3NDcifQ%3D%3D\">\n\t\t\t\t\t<div class=\"e-gallery-image elementor-gallery-item__image\" data-thumbnail=\"https:\/\/amberstories.com\/wp-content\/uploads\/2022\/11\/ambertables00012-250x300.jpg\" data-width=\"250\" data-height=\"300\" aria-label=\"\" role=\"img\" ><\/div>\n\t\t\t\t\t\t\t\t\t\t\t\t\t\t<\/a>\n\t\t\t\t\t\t\t<a class=\"e-gallery-item elementor-gallery-item elementor-animated-content\" data-e-gallery-tags=\"0\" href=\"https:\/\/amberstories.com\/wp-content\/uploads\/2022\/11\/ambertables00011.jpg\" data-elementor-open-lightbox=\"yes\" data-elementor-lightbox-slideshow=\"115b1747\" data-elementor-lightbox-title=\"ambertables00011\" data-e-action-hash=\"#elementor-action%3Aaction%3Dlightbox%26settings%3DeyJpZCI6MTU5LCJ1cmwiOiJodHRwczpcL1wvYW1iZXJzdG9yaWVzLmNvbVwvd3AtY29udGVudFwvdXBsb2Fkc1wvMjAyMlwvMTFcL2FtYmVydGFibGVzMDAwMTEuanBnIiwic2xpZGVzaG93IjoiMTE1YjE3NDcifQ%3D%3D\">\n\t\t\t\t\t<div class=\"e-gallery-image elementor-gallery-item__image\" data-thumbnail=\"https:\/\/amberstories.com\/wp-content\/uploads\/2022\/11\/ambertables00011-170x300.jpg\" data-width=\"170\" data-height=\"300\" aria-label=\"\" role=\"img\" ><\/div>\n\t\t\t\t\t\t\t\t\t\t\t\t\t\t<\/a>\n\t\t\t\t\t\t\t<a class=\"e-gallery-item elementor-gallery-item elementor-animated-content\" data-e-gallery-tags=\"0\" href=\"https:\/\/amberstories.com\/wp-content\/uploads\/2022\/11\/ambertables00010.jpg\" data-elementor-open-lightbox=\"yes\" data-elementor-lightbox-slideshow=\"115b1747\" data-elementor-lightbox-title=\"ambertables00010\" data-e-action-hash=\"#elementor-action%3Aaction%3Dlightbox%26settings%3DeyJpZCI6MTU4LCJ1cmwiOiJodHRwczpcL1wvYW1iZXJzdG9yaWVzLmNvbVwvd3AtY29udGVudFwvdXBsb2Fkc1wvMjAyMlwvMTFcL2FtYmVydGFibGVzMDAwMTAuanBnIiwic2xpZGVzaG93IjoiMTE1YjE3NDcifQ%3D%3D\">\n\t\t\t\t\t<div class=\"e-gallery-image elementor-gallery-item__image\" data-thumbnail=\"https:\/\/amberstories.com\/wp-content\/uploads\/2022\/11\/ambertables00010-300x244.jpg\" data-width=\"300\" data-height=\"244\" aria-label=\"skin dining table\" role=\"img\" ><\/div>\n\t\t\t\t\t\t\t\t\t\t\t\t\t\t<\/a>\n\t\t\t\t\t\t\t<a class=\"e-gallery-item elementor-gallery-item elementor-animated-content\" data-e-gallery-tags=\"0\" href=\"https:\/\/amberstories.com\/wp-content\/uploads\/2022\/11\/ambertables00009.jpg\" data-elementor-open-lightbox=\"yes\" data-elementor-lightbox-slideshow=\"115b1747\" data-elementor-lightbox-title=\"ambertables00009\" data-e-action-hash=\"#elementor-action%3Aaction%3Dlightbox%26settings%3DeyJpZCI6MTU3LCJ1cmwiOiJodHRwczpcL1wvYW1iZXJzdG9yaWVzLmNvbVwvd3AtY29udGVudFwvdXBsb2Fkc1wvMjAyMlwvMTFcL2FtYmVydGFibGVzMDAwMDkuanBnIiwic2xpZGVzaG93IjoiMTE1YjE3NDcifQ%3D%3D\">\n\t\t\t\t\t<div class=\"e-gallery-image elementor-gallery-item__image\" data-thumbnail=\"https:\/\/amberstories.com\/wp-content\/uploads\/2022\/11\/ambertables00009-300x199.jpg\" data-width=\"300\" data-height=\"199\" aria-label=\"\" role=\"img\" ><\/div>\n\t\t\t\t\t\t\t\t\t\t\t\t\t\t<\/a>\n\t\t\t\t\t\t\t<a class=\"e-gallery-item elementor-gallery-item elementor-animated-content\" data-e-gallery-tags=\"0\" href=\"https:\/\/amberstories.com\/wp-content\/uploads\/2022\/11\/ambertables00008.jpg\" data-elementor-open-lightbox=\"yes\" data-elementor-lightbox-slideshow=\"115b1747\" data-elementor-lightbox-title=\"ambertables00008\" data-e-action-hash=\"#elementor-action%3Aaction%3Dlightbox%26settings%3DeyJpZCI6MTU2LCJ1cmwiOiJodHRwczpcL1wvYW1iZXJzdG9yaWVzLmNvbVwvd3AtY29udGVudFwvdXBsb2Fkc1wvMjAyMlwvMTFcL2FtYmVydGFibGVzMDAwMDguanBnIiwic2xpZGVzaG93IjoiMTE1YjE3NDcifQ%3D%3D\">\n\t\t\t\t\t<div class=\"e-gallery-image elementor-gallery-item__image\" data-thumbnail=\"https:\/\/amberstories.com\/wp-content\/uploads\/2022\/11\/ambertables00008-300x196.jpg\" data-width=\"300\" data-height=\"196\" aria-label=\"\" role=\"img\" ><\/div>\n\t\t\t\t\t\t\t\t\t\t\t\t\t\t<\/a>\n\t\t\t\t\t\t\t<a class=\"e-gallery-item elementor-gallery-item elementor-animated-content\" data-e-gallery-tags=\"0\" href=\"https:\/\/amberstories.com\/wp-content\/uploads\/2022\/11\/ambertables00005-4.jpg\" data-elementor-open-lightbox=\"yes\" data-elementor-lightbox-slideshow=\"115b1747\" data-elementor-lightbox-title=\"ambertables00005\" data-e-action-hash=\"#elementor-action%3Aaction%3Dlightbox%26settings%3DeyJpZCI6MTUzLCJ1cmwiOiJodHRwczpcL1wvYW1iZXJzdG9yaWVzLmNvbVwvd3AtY29udGVudFwvdXBsb2Fkc1wvMjAyMlwvMTFcL2FtYmVydGFibGVzMDAwMDUtNC5qcGciLCJzbGlkZXNob3ciOiIxMTViMTc0NyJ9\">\n\t\t\t\t\t<div class=\"e-gallery-image elementor-gallery-item__image\" data-thumbnail=\"https:\/\/amberstories.com\/wp-content\/uploads\/2022\/11\/ambertables00005-4-300x196.jpg\" data-width=\"300\" data-height=\"196\" aria-label=\"\" role=\"img\" ><\/div>\n\t\t\t\t\t\t\t\t\t\t\t\t\t\t<\/a>\n\t\t\t\t\t\t\t<a class=\"e-gallery-item elementor-gallery-item elementor-animated-content\" data-e-gallery-tags=\"0\" href=\"https:\/\/amberstories.com\/wp-content\/uploads\/2022\/11\/ambertables00003-5.jpg\" data-elementor-open-lightbox=\"yes\" data-elementor-lightbox-slideshow=\"115b1747\" data-elementor-lightbox-title=\"ambertables00003\" data-e-action-hash=\"#elementor-action%3Aaction%3Dlightbox%26settings%3DeyJpZCI6MTUxLCJ1cmwiOiJodHRwczpcL1wvYW1iZXJzdG9yaWVzLmNvbVwvd3AtY29udGVudFwvdXBsb2Fkc1wvMjAyMlwvMTFcL2FtYmVydGFibGVzMDAwMDMtNS5qcGciLCJzbGlkZXNob3ciOiIxMTViMTc0NyJ9\">\n\t\t\t\t\t<div class=\"e-gallery-image elementor-gallery-item__image\" data-thumbnail=\"https:\/\/amberstories.com\/wp-content\/uploads\/2022\/11\/ambertables00003-5-227x300.jpg\" data-width=\"227\" data-height=\"300\" aria-label=\"\" role=\"img\" ><\/div>\n\t\t\t\t\t\t\t\t\t\t\t\t\t\t<\/a>\n\t\t\t\t\t\t\t<a class=\"e-gallery-item elementor-gallery-item elementor-animated-content\" data-e-gallery-tags=\"0\" href=\"https:\/\/amberstories.com\/wp-content\/uploads\/2022\/11\/ambertables00002-5.jpg\" data-elementor-open-lightbox=\"yes\" data-elementor-lightbox-slideshow=\"115b1747\" data-elementor-lightbox-title=\"ambertables00002\" data-e-action-hash=\"#elementor-action%3Aaction%3Dlightbox%26settings%3DeyJpZCI6MTUwLCJ1cmwiOiJodHRwczpcL1wvYW1iZXJzdG9yaWVzLmNvbVwvd3AtY29udGVudFwvdXBsb2Fkc1wvMjAyMlwvMTFcL2FtYmVydGFibGVzMDAwMDItNS5qcGciLCJzbGlkZXNob3ciOiIxMTViMTc0NyJ9\">\n\t\t\t\t\t<div class=\"e-gallery-image elementor-gallery-item__image\" data-thumbnail=\"https:\/\/amberstories.com\/wp-content\/uploads\/2022\/11\/ambertables00002-5-192x300.jpg\" data-width=\"192\" data-height=\"300\" aria-label=\"\" role=\"img\" ><\/div>\n\t\t\t\t\t\t\t\t\t\t\t\t\t\t<\/a>\n\t\t\t\t\t\t\t<a class=\"e-gallery-item elementor-gallery-item elementor-animated-content\" data-e-gallery-tags=\"0\" href=\"https:\/\/amberstories.com\/wp-content\/uploads\/2022\/11\/ambertables00001-5.jpg\" data-elementor-open-lightbox=\"yes\" data-elementor-lightbox-slideshow=\"115b1747\" data-elementor-lightbox-title=\"ambertables00001\" data-e-action-hash=\"#elementor-action%3Aaction%3Dlightbox%26settings%3DeyJpZCI6MTQ5LCJ1cmwiOiJodHRwczpcL1wvYW1iZXJzdG9yaWVzLmNvbVwvd3AtY29udGVudFwvdXBsb2Fkc1wvMjAyMlwvMTFcL2FtYmVydGFibGVzMDAwMDEtNS5qcGciLCJzbGlkZXNob3ciOiIxMTViMTc0NyJ9\">\n\t\t\t\t\t<div class=\"e-gallery-image elementor-gallery-item__image\" data-thumbnail=\"https:\/\/amberstories.com\/wp-content\/uploads\/2022\/11\/ambertables00001-5-300x252.jpg\" data-width=\"300\" data-height=\"252\" aria-label=\"\" role=\"img\" ><\/div>\n\t\t\t\t\t\t\t\t\t\t\t\t\t\t<\/a>\n\t\t\t\t\t<\/div>\n\t\t\t\t\t<\/div>\n\t\t\t\t<\/div>\n\t\t\t\t<div class=\"elementor-element elementor-element-12f8d37c elementor-widget elementor-widget-text-editor\" data-id=\"12f8d37c\" data-element_type=\"widget\" data-e-type=\"widget\" data-widget_type=\"text-editor.default\">\n\t\t\t\t<div class=\"elementor-widget-container\">\n\t\t\t\t\t\t\t\t\t<p>You can send a price and lead time enquiry for any of the above options. Use this formular for an email contact or else Whatsapp us on 618107271<\/p><p>Besides if you want us to design and manufacture the one table that suits your individual needs just get in touch.\u00a0\u00a0<\/p>\t\t\t\t\t\t\t\t<\/div>\n\t\t\t\t<\/div>\n\t\t\t\t\t<\/div>\n\t\t<\/div>\n\t\t\t\t\t<\/div>\n\t\t<\/section>\n\t\t\t\t<section class=\"elementor-section elementor-top-section elementor-element elementor-element-19f6e40e elementor-section-boxed elementor-section-height-default elementor-section-height-default\" data-id=\"19f6e40e\" data-element_type=\"section\" data-e-type=\"section\">\n\t\t\t\t\t\t<div class=\"elementor-container elementor-column-gap-default\">\n\t\t\t\t\t<div class=\"elementor-column elementor-col-100 elementor-top-column elementor-element elementor-element-62efa920\" data-id=\"62efa920\" data-element_type=\"column\" data-e-type=\"column\">\n\t\t\t<div class=\"elementor-widget-wrap elementor-element-populated\">\n\t\t\t\t\t\t<div class=\"elementor-element elementor-element-6dc0ce59 elementor-button-align-stretch elementor-widget elementor-widget-form\" data-id=\"6dc0ce59\" data-element_type=\"widget\" data-e-type=\"widget\" data-settings=\"{&quot;step_next_label&quot;:&quot;Next&quot;,&quot;step_previous_label&quot;:&quot;Previous&quot;,&quot;button_width&quot;:&quot;100&quot;,&quot;step_type&quot;:&quot;number_text&quot;,&quot;step_icon_shape&quot;:&quot;circle&quot;}\" data-widget_type=\"form.default\">\n\t\t\t\t<div class=\"elementor-widget-container\">\n\t\t\t\t\t\t\t<form class=\"elementor-form\" method=\"post\" name=\"Consultanos\" aria-label=\"Consultanos\" action=\"\">\n\t\t\t<input type=\"hidden\" name=\"post_id\" value=\"762\"\/>\n\t\t\t<input type=\"hidden\" name=\"form_id\" value=\"6dc0ce59\"\/>\n\t\t\t<input type=\"hidden\" name=\"referer_title\" value=\"FICHA SKIN DINING\" \/>\n\n\t\t\t\t\t\t\t<input type=\"hidden\" name=\"queried_id\" value=\"762\"\/>\n\t\t\t\n\t\t\t<div class=\"elementor-form-fields-wrapper elementor-labels-\">\n\t\t\t\t\t\t\t\t<div class=\"elementor-field-type-text elementor-field-group elementor-column elementor-field-group-name elementor-col-100\">\n\t\t\t\t\t\t\t\t\t\t\t\t<label for=\"form-field-name\" class=\"elementor-field-label elementor-screen-only\">\n\t\t\t\t\t\t\t\tName\t\t\t\t\t\t\t<\/label>\n\t\t\t\t\t\t\t\t\t\t\t\t\t\t<input size=\"1\" type=\"text\" name=\"form_fields[name]\" id=\"form-field-name\" class=\"elementor-field elementor-size-sm  elementor-field-textual\" placeholder=\"Name\">\n\t\t\t\t\t\t\t\t\t\t\t<\/div>\n\t\t\t\t\t\t\t\t<div class=\"elementor-field-type-email elementor-field-group elementor-column elementor-field-group-email elementor-col-100 elementor-field-required\">\n\t\t\t\t\t\t\t\t\t\t\t\t<label for=\"form-field-email\" class=\"elementor-field-label elementor-screen-only\">\n\t\t\t\t\t\t\t\tEmail\t\t\t\t\t\t\t<\/label>\n\t\t\t\t\t\t\t\t\t\t\t\t\t\t<input size=\"1\" type=\"email\" name=\"form_fields[email]\" id=\"form-field-email\" class=\"elementor-field elementor-size-sm  elementor-field-textual\" placeholder=\"Email\" required=\"required\">\n\t\t\t\t\t\t\t\t\t\t\t<\/div>\n\t\t\t\t\t\t\t\t<div class=\"elementor-field-type-textarea elementor-field-group elementor-column elementor-field-group-message elementor-col-100\">\n\t\t\t\t\t\t\t\t\t\t\t\t<label for=\"form-field-message\" class=\"elementor-field-label elementor-screen-only\">\n\t\t\t\t\t\t\t\tMensaje\t\t\t\t\t\t\t<\/label>\n\t\t\t\t\t\t<textarea class=\"elementor-field-textual elementor-field  elementor-size-sm\" name=\"form_fields[message]\" id=\"form-field-message\" rows=\"4\" placeholder=\"Write the details of your query. Dimensions, destination, options etc. and if you want, contact us by Whatsapp at 618107271\"><\/textarea>\t\t\t\t<\/div>\n\t\t\t\t\t\t\t\t<div class=\"elementor-field-group elementor-column elementor-field-type-submit elementor-col-100 e-form__buttons\">\n\t\t\t\t\t<button class=\"elementor-button elementor-size-sm\" type=\"submit\">\n\t\t\t\t\t\t<span class=\"elementor-button-content-wrapper\">\n\t\t\t\t\t\t\t\t\t\t\t\t\t\t\t\t\t\t\t\t\t\t<span class=\"elementor-button-text\">send<\/span>\n\t\t\t\t\t\t\t\t\t\t\t\t\t<\/span>\n\t\t\t\t\t<\/button>\n\t\t\t\t<\/div>\n\t\t\t<\/div>\n\t\t<input type=\"hidden\" name=\"trp-form-language\" value=\"en\"\/><\/form>\n\t\t\t\t\t\t<\/div>\n\t\t\t\t<\/div>\n\t\t\t\t\t<\/div>\n\t\t<\/div>\n\t\t\t\t\t<\/div>\n\t\t<\/section>\n\t\t\t\t<\/div>","protected":false},"excerpt":{"rendered":"<p>SKIN DINING El dise\u00f1o de este modelo tiene como base el conocimiento adquirido en la construcci\u00f3n de nuestra Pieza \u00danica #2 all\u00e1 por Febrero de 2019. La propia tapa hace la funci\u00f3n de soporte longitudinal entre patas y al carecer de travesa\u00f1o alguno dibuja una silueta muy ligera a pesar de su extremado grueso. Las [&hellip;]<\/p>","protected":false},"author":8183,"featured_media":0,"parent":0,"menu_order":0,"comment_status":"closed","ping_status":"closed","template":"elementor_header_footer","meta":{"_joinchat":[],"footnotes":""},"class_list":["post-762","page","type-page","status-publish","hentry"],"_links":{"self":[{"href":"https:\/\/amberstories.com\/en\/wp-json\/wp\/v2\/pages\/762","targetHints":{"allow":["GET"]}}],"collection":[{"href":"https:\/\/amberstories.com\/en\/wp-json\/wp\/v2\/pages"}],"about":[{"href":"https:\/\/amberstories.com\/en\/wp-json\/wp\/v2\/types\/page"}],"author":[{"embeddable":true,"href":"https:\/\/amberstories.com\/en\/wp-json\/wp\/v2\/users\/8183"}],"replies":[{"embeddable":true,"href":"https:\/\/amberstories.com\/en\/wp-json\/wp\/v2\/comments?post=762"}],"version-history":[{"count":4,"href":"https:\/\/amberstories.com\/en\/wp-json\/wp\/v2\/pages\/762\/revisions"}],"predecessor-version":[{"id":776,"href":"https:\/\/amberstories.com\/en\/wp-json\/wp\/v2\/pages\/762\/revisions\/776"}],"wp:attachment":[{"href":"https:\/\/amberstories.com\/en\/wp-json\/wp\/v2\/media?parent=762"}],"curies":[{"name":"wp","href":"https:\/\/api.w.org\/{rel}","templated":true}]}}