{"id":768,"date":"2022-11-30T08:51:28","date_gmt":"2022-11-30T08:51:28","guid":{"rendered":"https:\/\/amberstories.com\/?page_id=768"},"modified":"2022-11-30T08:53:15","modified_gmt":"2022-11-30T08:53:15","slug":"ficha-benus-dining","status":"publish","type":"page","link":"https:\/\/amberstories.com\/en\/ficha-benus-dining\/","title":{"rendered":"FICHA BENUS DINING"},"content":{"rendered":"<div data-elementor-type=\"wp-page\" data-elementor-id=\"768\" class=\"elementor elementor-768\" data-elementor-post-type=\"page\">\n\t\t\t\t\t\t<section class=\"elementor-section elementor-top-section elementor-element elementor-element-1d89dbfe elementor-section-boxed elementor-section-height-default elementor-section-height-default\" data-id=\"1d89dbfe\" data-element_type=\"section\" data-e-type=\"section\">\n\t\t\t\t\t\t<div class=\"elementor-container elementor-column-gap-default\">\n\t\t\t\t\t<div class=\"elementor-column elementor-col-100 elementor-top-column elementor-element elementor-element-4bbe165a\" data-id=\"4bbe165a\" data-element_type=\"column\" data-e-type=\"column\">\n\t\t\t<div class=\"elementor-widget-wrap elementor-element-populated\">\n\t\t\t\t\t\t<div class=\"elementor-element elementor-element-785930dc elementor-widget elementor-widget-heading\" data-id=\"785930dc\" data-element_type=\"widget\" data-e-type=\"widget\" data-widget_type=\"heading.default\">\n\t\t\t\t<div class=\"elementor-widget-container\">\n\t\t\t\t\t<h2 class=\"elementor-heading-title elementor-size-default\">BENUS DINING<\/h2>\t\t\t\t<\/div>\n\t\t\t\t<\/div>\n\t\t\t\t<div class=\"elementor-element elementor-element-69abcf5e elementor-position-top elementor-widget elementor-widget-image-box\" data-id=\"69abcf5e\" data-element_type=\"widget\" data-e-type=\"widget\" data-widget_type=\"image-box.default\">\n\t\t\t\t<div class=\"elementor-widget-container\">\n\t\t\t\t\t<div class=\"elementor-image-box-wrapper\"><figure class=\"elementor-image-box-img\"><img fetchpriority=\"high\" decoding=\"async\" width=\"1176\" height=\"800\" src=\"https:\/\/amberstories.com\/wp-content\/uploads\/2022\/11\/ambertables00004-8.jpg\" class=\"attachment-full size-full wp-image-175\" alt=\"\" srcset=\"https:\/\/amberstories.com\/wp-content\/uploads\/2022\/11\/ambertables00004-8.jpg 1176w, https:\/\/amberstories.com\/wp-content\/uploads\/2022\/11\/ambertables00004-8-300x204.jpg 300w, https:\/\/amberstories.com\/wp-content\/uploads\/2022\/11\/ambertables00004-8-1024x697.jpg 1024w, https:\/\/amberstories.com\/wp-content\/uploads\/2022\/11\/ambertables00004-8-768x522.jpg 768w\" sizes=\"(max-width: 1176px) 100vw, 1176px\" \/><\/figure><div class=\"elementor-image-box-content\"><p class=\"elementor-image-box-description\">Five hand sculpted pillars shaped in a proggresive sequence of graceful bodily forms perform as the four legs (1x double and 3x singles) of this ample table.\n\nCrowned by an imposing organically fashioned tabletop (choice of 3 designs), the parts are joined without any other visible element, resulting in a voluminous yet ethereous and visually lightweight whole. Our delicious bone pale Chestnut timber from Extremadura certainly has a lot to do with this.\n\nLegs and top are dismountable for easier packaging and transport.<\/p><\/div><\/div>\t\t\t\t<\/div>\n\t\t\t\t<\/div>\n\t\t\t\t<div class=\"elementor-element elementor-element-36c9abe elementor-widget elementor-widget-image\" data-id=\"36c9abe\" data-element_type=\"widget\" data-e-type=\"widget\" data-widget_type=\"image.default\">\n\t\t\t\t<div class=\"elementor-widget-container\">\n\t\t\t\t\t\t\t\t\t\t\t\t\t\t\t<img decoding=\"async\" src=\"https:\/\/amberstories.com\/wp-content\/uploads\/elementor\/thumbs\/cajetin-opciones-benus-dining-pygtaz2b6kuupipq6jgznrw5muda897k9m8azfyfwg.png\" title=\"cajetin opciones benus dining\" alt=\"cajetin opciones benus dining\" loading=\"lazy\" \/>\t\t\t\t\t\t\t\t\t\t\t\t\t\t\t<\/div>\n\t\t\t\t<\/div>\n\t\t\t\t<div class=\"elementor-element elementor-element-476be43 elementor-widget elementor-widget-gallery\" data-id=\"476be43\" data-element_type=\"widget\" data-e-type=\"widget\" data-settings=\"{&quot;gallery_layout&quot;:&quot;masonry&quot;,&quot;columns&quot;:3,&quot;lazyload&quot;:&quot;yes&quot;,&quot;columns_tablet&quot;:2,&quot;columns_mobile&quot;:1,&quot;gap&quot;:{&quot;unit&quot;:&quot;px&quot;,&quot;size&quot;:10,&quot;sizes&quot;:[]},&quot;gap_tablet&quot;:{&quot;unit&quot;:&quot;px&quot;,&quot;size&quot;:10,&quot;sizes&quot;:[]},&quot;gap_mobile&quot;:{&quot;unit&quot;:&quot;px&quot;,&quot;size&quot;:10,&quot;sizes&quot;:[]},&quot;link_to&quot;:&quot;file&quot;,&quot;content_hover_animation&quot;:&quot;fade-in&quot;}\" data-widget_type=\"gallery.default\">\n\t\t\t\t<div class=\"elementor-widget-container\">\n\t\t\t\t\t\t\t\t<div class=\"elementor-gallery__titles-container e--pointer-underline e--animation-fade\" aria-label=\"Filtro de galer\u00eda\">\n\t\t\t\t\n\t\t\t\t\t\t\t\t\t<a class=\"elementor-item elementor-gallery-title\" role=\"button\" tabindex=\"0\" data-gallery-index=\"0\">\n\t\t\t\t\t\t\t\t\t\t\t<\/a>\n\t\t\t\t\t\t\t\t<\/div>\n\t\t\t\t\t<div class=\"elementor-gallery__container\">\n\t\t\t\t\t\t\t<a class=\"e-gallery-item elementor-gallery-item elementor-animated-content\" data-e-gallery-tags=\"0\" href=\"https:\/\/amberstories.com\/wp-content\/uploads\/2022\/11\/ambertables00001-8.jpg\" data-elementor-open-lightbox=\"yes\" data-elementor-lightbox-slideshow=\"476be43\" data-elementor-lightbox-title=\"ambertables00001\" data-e-action-hash=\"#elementor-action%3Aaction%3Dlightbox%26settings%3DeyJpZCI6MTcyLCJ1cmwiOiJodHRwczpcL1wvYW1iZXJzdG9yaWVzLmNvbVwvd3AtY29udGVudFwvdXBsb2Fkc1wvMjAyMlwvMTFcL2FtYmVydGFibGVzMDAwMDEtOC5qcGciLCJzbGlkZXNob3ciOiI0NzZiZTQzIn0%3D\">\n\t\t\t\t\t<div class=\"e-gallery-image elementor-gallery-item__image\" data-thumbnail=\"https:\/\/amberstories.com\/wp-content\/uploads\/2022\/11\/ambertables00001-8-225x300.jpg\" data-width=\"225\" data-height=\"300\" aria-label=\"Benus dining table\" role=\"img\" ><\/div>\n\t\t\t\t\t\t\t\t\t\t\t\t\t\t<\/a>\n\t\t\t\t\t\t\t<a class=\"e-gallery-item elementor-gallery-item elementor-animated-content\" data-e-gallery-tags=\"0\" href=\"https:\/\/amberstories.com\/wp-content\/uploads\/2022\/11\/ambertables00002-8.jpg\" data-elementor-open-lightbox=\"yes\" data-elementor-lightbox-slideshow=\"476be43\" data-elementor-lightbox-title=\"ambertables00002\" data-e-action-hash=\"#elementor-action%3Aaction%3Dlightbox%26settings%3DeyJpZCI6MTczLCJ1cmwiOiJodHRwczpcL1wvYW1iZXJzdG9yaWVzLmNvbVwvd3AtY29udGVudFwvdXBsb2Fkc1wvMjAyMlwvMTFcL2FtYmVydGFibGVzMDAwMDItOC5qcGciLCJzbGlkZXNob3ciOiI0NzZiZTQzIn0%3D\">\n\t\t\t\t\t<div class=\"e-gallery-image elementor-gallery-item__image\" data-thumbnail=\"https:\/\/amberstories.com\/wp-content\/uploads\/2022\/11\/ambertables00002-8-211x300.jpg\" data-width=\"211\" data-height=\"300\" aria-label=\"\" role=\"img\" ><\/div>\n\t\t\t\t\t\t\t\t\t\t\t\t\t\t<\/a>\n\t\t\t\t\t\t\t<a class=\"e-gallery-item elementor-gallery-item elementor-animated-content\" data-e-gallery-tags=\"0\" href=\"https:\/\/amberstories.com\/wp-content\/uploads\/2022\/11\/ambertables00003-8.jpg\" data-elementor-open-lightbox=\"yes\" data-elementor-lightbox-slideshow=\"476be43\" data-elementor-lightbox-title=\"ambertables00003\" data-e-action-hash=\"#elementor-action%3Aaction%3Dlightbox%26settings%3DeyJpZCI6MTc0LCJ1cmwiOiJodHRwczpcL1wvYW1iZXJzdG9yaWVzLmNvbVwvd3AtY29udGVudFwvdXBsb2Fkc1wvMjAyMlwvMTFcL2FtYmVydGFibGVzMDAwMDMtOC5qcGciLCJzbGlkZXNob3ciOiI0NzZiZTQzIn0%3D\">\n\t\t\t\t\t<div class=\"e-gallery-image elementor-gallery-item__image\" data-thumbnail=\"https:\/\/amberstories.com\/wp-content\/uploads\/2022\/11\/ambertables00003-8-240x300.jpg\" data-width=\"240\" data-height=\"300\" aria-label=\"\" role=\"img\" ><\/div>\n\t\t\t\t\t\t\t\t\t\t\t\t\t\t<\/a>\n\t\t\t\t\t\t\t<a class=\"e-gallery-item elementor-gallery-item elementor-animated-content\" data-e-gallery-tags=\"0\" href=\"https:\/\/amberstories.com\/wp-content\/uploads\/2022\/11\/ambertables00004-8.jpg\" data-elementor-open-lightbox=\"yes\" data-elementor-lightbox-slideshow=\"476be43\" data-elementor-lightbox-title=\"ambertables00004\" data-e-action-hash=\"#elementor-action%3Aaction%3Dlightbox%26settings%3DeyJpZCI6MTc1LCJ1cmwiOiJodHRwczpcL1wvYW1iZXJzdG9yaWVzLmNvbVwvd3AtY29udGVudFwvdXBsb2Fkc1wvMjAyMlwvMTFcL2FtYmVydGFibGVzMDAwMDQtOC5qcGciLCJzbGlkZXNob3ciOiI0NzZiZTQzIn0%3D\">\n\t\t\t\t\t<div class=\"e-gallery-image elementor-gallery-item__image\" data-thumbnail=\"https:\/\/amberstories.com\/wp-content\/uploads\/2022\/11\/ambertables00004-8-300x204.jpg\" data-width=\"300\" data-height=\"204\" aria-label=\"\" role=\"img\" ><\/div>\n\t\t\t\t\t\t\t\t\t\t\t\t\t\t<\/a>\n\t\t\t\t\t<\/div>\n\t\t\t\t\t<\/div>\n\t\t\t\t<\/div>\n\t\t\t\t<div class=\"elementor-element elementor-element-17e8796e elementor-widget elementor-widget-text-editor\" data-id=\"17e8796e\" data-element_type=\"widget\" data-e-type=\"widget\" data-widget_type=\"text-editor.default\">\n\t\t\t\t<div class=\"elementor-widget-container\">\n\t\t\t\t\t\t\t\t\t<p>You can send a price and lead time enquiry for any of the above options. Use this formular for an email contact or else Whatsapp us on 618107271<\/p><p>Besides if you want us to design and manufacture the one table that suits your individual needs just get in touch.\u00a0\u00a0<\/p>\t\t\t\t\t\t\t\t<\/div>\n\t\t\t\t<\/div>\n\t\t\t\t\t<\/div>\n\t\t<\/div>\n\t\t\t\t\t<\/div>\n\t\t<\/section>\n\t\t\t\t<section class=\"elementor-section elementor-top-section elementor-element elementor-element-4020202a elementor-section-boxed elementor-section-height-default elementor-section-height-default\" data-id=\"4020202a\" data-element_type=\"section\" data-e-type=\"section\">\n\t\t\t\t\t\t<div class=\"elementor-container elementor-column-gap-default\">\n\t\t\t\t\t<div class=\"elementor-column elementor-col-100 elementor-top-column elementor-element elementor-element-63dad8c2\" data-id=\"63dad8c2\" data-element_type=\"column\" data-e-type=\"column\">\n\t\t\t<div class=\"elementor-widget-wrap elementor-element-populated\">\n\t\t\t\t\t\t<div class=\"elementor-element elementor-element-52e09900 elementor-button-align-stretch elementor-widget elementor-widget-form\" data-id=\"52e09900\" data-element_type=\"widget\" data-e-type=\"widget\" data-settings=\"{&quot;step_next_label&quot;:&quot;Next&quot;,&quot;step_previous_label&quot;:&quot;Previous&quot;,&quot;button_width&quot;:&quot;100&quot;,&quot;step_type&quot;:&quot;number_text&quot;,&quot;step_icon_shape&quot;:&quot;circle&quot;}\" data-widget_type=\"form.default\">\n\t\t\t\t<div class=\"elementor-widget-container\">\n\t\t\t\t\t\t\t<form class=\"elementor-form\" method=\"post\" name=\"Consultanos\" aria-label=\"Consultanos\" action=\"\">\n\t\t\t<input type=\"hidden\" name=\"post_id\" value=\"768\"\/>\n\t\t\t<input type=\"hidden\" name=\"form_id\" value=\"52e09900\"\/>\n\t\t\t<input type=\"hidden\" name=\"referer_title\" value=\"FICHA BENUS DINING\" \/>\n\n\t\t\t\t\t\t\t<input type=\"hidden\" name=\"queried_id\" value=\"768\"\/>\n\t\t\t\n\t\t\t<div class=\"elementor-form-fields-wrapper elementor-labels-\">\n\t\t\t\t\t\t\t\t<div class=\"elementor-field-type-text elementor-field-group elementor-column elementor-field-group-name elementor-col-100\">\n\t\t\t\t\t\t\t\t\t\t\t\t<label for=\"form-field-name\" class=\"elementor-field-label elementor-screen-only\">\n\t\t\t\t\t\t\t\tName\t\t\t\t\t\t\t<\/label>\n\t\t\t\t\t\t\t\t\t\t\t\t\t\t<input size=\"1\" type=\"text\" name=\"form_fields[name]\" id=\"form-field-name\" class=\"elementor-field elementor-size-sm  elementor-field-textual\" placeholder=\"Name\">\n\t\t\t\t\t\t\t\t\t\t\t<\/div>\n\t\t\t\t\t\t\t\t<div class=\"elementor-field-type-email elementor-field-group elementor-column elementor-field-group-email elementor-col-100 elementor-field-required\">\n\t\t\t\t\t\t\t\t\t\t\t\t<label for=\"form-field-email\" class=\"elementor-field-label elementor-screen-only\">\n\t\t\t\t\t\t\t\tEmail\t\t\t\t\t\t\t<\/label>\n\t\t\t\t\t\t\t\t\t\t\t\t\t\t<input size=\"1\" type=\"email\" name=\"form_fields[email]\" id=\"form-field-email\" class=\"elementor-field elementor-size-sm  elementor-field-textual\" placeholder=\"Email\" required=\"required\">\n\t\t\t\t\t\t\t\t\t\t\t<\/div>\n\t\t\t\t\t\t\t\t<div class=\"elementor-field-type-textarea elementor-field-group elementor-column elementor-field-group-message elementor-col-100\">\n\t\t\t\t\t\t\t\t\t\t\t\t<label for=\"form-field-message\" class=\"elementor-field-label elementor-screen-only\">\n\t\t\t\t\t\t\t\tMensaje\t\t\t\t\t\t\t<\/label>\n\t\t\t\t\t\t<textarea class=\"elementor-field-textual elementor-field  elementor-size-sm\" name=\"form_fields[message]\" id=\"form-field-message\" rows=\"4\" placeholder=\"Write the details of your query. Dimensions, destination, options etc. and if you want, contact us by Whatsapp at 618107271\"><\/textarea>\t\t\t\t<\/div>\n\t\t\t\t\t\t\t\t<div class=\"elementor-field-group elementor-column elementor-field-type-submit elementor-col-100 e-form__buttons\">\n\t\t\t\t\t<button class=\"elementor-button elementor-size-sm\" type=\"submit\">\n\t\t\t\t\t\t<span class=\"elementor-button-content-wrapper\">\n\t\t\t\t\t\t\t\t\t\t\t\t\t\t\t\t\t\t\t\t\t\t<span class=\"elementor-button-text\">send<\/span>\n\t\t\t\t\t\t\t\t\t\t\t\t\t<\/span>\n\t\t\t\t\t<\/button>\n\t\t\t\t<\/div>\n\t\t\t<\/div>\n\t\t<input type=\"hidden\" name=\"trp-form-language\" value=\"en\"\/><\/form>\n\t\t\t\t\t\t<\/div>\n\t\t\t\t<\/div>\n\t\t\t\t\t<\/div>\n\t\t<\/div>\n\t\t\t\t\t<\/div>\n\t\t<\/section>\n\t\t\t\t<\/div>","protected":false},"excerpt":{"rendered":"<p>BENUS DINING Cinco pilares esculpidos a mano en una r\u00edtmica secuencia de esbeltas formas anat\u00f3micas forman los cuatro apoyos (1x doble y 3x simples). Coronadas por una majestuosa tapa de corte org\u00e1nico en 3 patrones distintos a elegir y unidas a la base sin obst\u00e1culo visual alguno, el conjunto resulta voluminoso y a la vez [&hellip;]<\/p>","protected":false},"author":8183,"featured_media":0,"parent":0,"menu_order":0,"comment_status":"closed","ping_status":"closed","template":"elementor_header_footer","meta":{"_joinchat":[],"footnotes":""},"class_list":["post-768","page","type-page","status-publish","hentry"],"_links":{"self":[{"href":"https:\/\/amberstories.com\/en\/wp-json\/wp\/v2\/pages\/768","targetHints":{"allow":["GET"]}}],"collection":[{"href":"https:\/\/amberstories.com\/en\/wp-json\/wp\/v2\/pages"}],"about":[{"href":"https:\/\/amberstories.com\/en\/wp-json\/wp\/v2\/types\/page"}],"author":[{"embeddable":true,"href":"https:\/\/amberstories.com\/en\/wp-json\/wp\/v2\/users\/8183"}],"replies":[{"embeddable":true,"href":"https:\/\/amberstories.com\/en\/wp-json\/wp\/v2\/comments?post=768"}],"version-history":[{"count":4,"href":"https:\/\/amberstories.com\/en\/wp-json\/wp\/v2\/pages\/768\/revisions"}],"predecessor-version":[{"id":797,"href":"https:\/\/amberstories.com\/en\/wp-json\/wp\/v2\/pages\/768\/revisions\/797"}],"wp:attachment":[{"href":"https:\/\/amberstories.com\/en\/wp-json\/wp\/v2\/media?parent=768"}],"curies":[{"name":"wp","href":"https:\/\/api.w.org\/{rel}","templated":true}]}}